{"id":3362,"date":"2023-05-26T13:05:22","date_gmt":"2023-05-26T11:05:22","guid":{"rendered":"https:\/\/themountaincottage.be\/the-surroundings\/"},"modified":"2023-11-24T14:58:04","modified_gmt":"2023-11-24T13:58:04","slug":"the-surroundings","status":"publish","type":"page","link":"https:\/\/themountaincottage.be\/en\/the-surroundings\/","title":{"rendered":"The surroundings"},"content":{"rendered":"\t\t<div data-elementor-type=\"wp-page\" data-elementor-id=\"3362\" class=\"elementor elementor-3362 elementor-36\" data-elementor-post-type=\"page\">\n\t\t\t\t<div class=\"elementor-element elementor-element-56ea0d54 e-con-full animated-slow elementor-hidden-tablet elementor-hidden-mobile e-flex e-con e-parent\" data-id=\"56ea0d54\" data-element_type=\"container\" data-e-type=\"container\" data-settings=\"{&quot;animation&quot;:&quot;none&quot;}\">\n\t\t<div class=\"elementor-element elementor-element-a47cb9e e-con-full e-flex elementor-invisible e-con e-child\" data-id=\"a47cb9e\" data-element_type=\"container\" data-e-type=\"container\" data-settings=\"{&quot;animation&quot;:&quot;fadeInLeft&quot;}\">\n\t\t\t\t<div class=\"elementor-element elementor-element-2f01c594 elementor-widget elementor-widget-image\" data-id=\"2f01c594\" data-element_type=\"widget\" data-e-type=\"widget\" data-widget_type=\"image.default\">\n\t\t\t\t<div class=\"elementor-widget-container\">\n\t\t\t\t\t\t\t\t\t\t\t\t\t\t\t<img fetchpriority=\"high\" decoding=\"async\" width=\"800\" height=\"533\" src=\"https:\/\/themountaincottage.be\/wp-content\/uploads\/2023\/06\/Uitzicht-5-1024x682.jpg\" class=\"attachment-large size-large wp-image-1059\" alt=\"\" srcset=\"https:\/\/themountaincottage.be\/wp-content\/uploads\/2023\/06\/Uitzicht-5-1024x682.jpg 1024w, https:\/\/themountaincottage.be\/wp-content\/uploads\/2023\/06\/Uitzicht-5-300x200.jpg 300w, https:\/\/themountaincottage.be\/wp-content\/uploads\/2023\/06\/Uitzicht-5-768x512.jpg 768w, https:\/\/themountaincottage.be\/wp-content\/uploads\/2023\/06\/Uitzicht-5-1536x1023.jpg 1536w, https:\/\/themountaincottage.be\/wp-content\/uploads\/2023\/06\/Uitzicht-5-600x400.jpg 600w, https:\/\/themountaincottage.be\/wp-content\/uploads\/2023\/06\/Uitzicht-5.jpg 1600w\" sizes=\"(max-width: 800px) 100vw, 800px\" \/>\t\t\t\t\t\t\t\t\t\t\t\t\t\t\t<\/div>\n\t\t\t\t<\/div>\n\t\t\t\t<\/div>\n\t\t<div class=\"elementor-element elementor-element-7166bae9 e-con-full e-flex elementor-invisible e-con e-child\" data-id=\"7166bae9\" data-element_type=\"container\" data-e-type=\"container\" data-settings=\"{&quot;background_background&quot;:&quot;classic&quot;,&quot;animation&quot;:&quot;fadeInRight&quot;}\">\n\t\t\t\t<div class=\"elementor-element elementor-element-498873cb elementor-widget elementor-widget-heading\" data-id=\"498873cb\" data-element_type=\"widget\" data-e-type=\"widget\" data-widget_type=\"heading.default\">\n\t\t\t\t<div class=\"elementor-widget-container\">\n\t\t\t\t\t<h2 class=\"elementor-heading-title elementor-size-default\">THE SURROUNDINGS<\/h2>\t\t\t\t<\/div>\n\t\t\t\t<\/div>\n\t\t\t\t<div class=\"elementor-element elementor-element-2805b8f9 elementor-widget__width-initial elementor-widget elementor-widget-text-editor\" data-id=\"2805b8f9\" data-element_type=\"widget\" data-e-type=\"widget\" data-widget_type=\"text-editor.default\">\n\t\t\t\t<div class=\"elementor-widget-container\">\n\t\t\t\t\t\t\t\t\t<p>Our holiday home is situated on the outskirts of a quiet Hungarian village called B\u00fckkzs\u00e9rc. Completly surrounded by nature, this cottage is the perfect place to unwind.<\/p>\t\t\t\t\t\t\t\t<\/div>\n\t\t\t\t<\/div>\n\t\t\t\t<div class=\"elementor-element elementor-element-57e02b9a elementor-align-center elementor-widget elementor-widget-button\" data-id=\"57e02b9a\" data-element_type=\"widget\" data-e-type=\"widget\" data-widget_type=\"button.default\">\n\t\t\t\t<div class=\"elementor-widget-container\">\n\t\t\t\t\t\t\t\t\t<div class=\"elementor-button-wrapper\">\n\t\t\t\t\t<a class=\"elementor-button elementor-button-link elementor-size-sm\" href=\"#buk\">\n\t\t\t\t\t\t<span class=\"elementor-button-content-wrapper\">\n\t\t\t\t\t\t\t\t\t<span class=\"elementor-button-text\">More info<\/span>\n\t\t\t\t\t<\/span>\n\t\t\t\t\t<\/a>\n\t\t\t\t<\/div>\n\t\t\t\t\t\t\t\t<\/div>\n\t\t\t\t<\/div>\n\t\t\t\t<\/div>\n\t\t\t\t<\/div>\n\t\t<div class=\"elementor-element elementor-element-6b2600ce e-con-full animated-slow Header-mobile elementor-hidden-desktop e-flex e-con e-parent\" data-id=\"6b2600ce\" data-element_type=\"container\" data-e-type=\"container\" id=\"Header-mobile\" data-settings=\"{&quot;animation&quot;:&quot;none&quot;,&quot;background_background&quot;:&quot;classic&quot;,&quot;animation_mobile&quot;:&quot;fadeIn&quot;}\">\n\t\t<div class=\"elementor-element elementor-element-59b67c49 e-con-full e-flex elementor-invisible e-con e-child\" data-id=\"59b67c49\" data-element_type=\"container\" data-e-type=\"container\" data-settings=\"{&quot;background_background&quot;:&quot;classic&quot;,&quot;animation&quot;:&quot;fadeInRight&quot;}\">\n\t\t\t\t<div class=\"elementor-element elementor-element-7f79adc4 elementor-widget elementor-widget-heading\" data-id=\"7f79adc4\" data-element_type=\"widget\" data-e-type=\"widget\" data-widget_type=\"heading.default\">\n\t\t\t\t<div class=\"elementor-widget-container\">\n\t\t\t\t\t<h2 class=\"elementor-heading-title elementor-size-default\">THE SURROUNDINGS<\/h2>\t\t\t\t<\/div>\n\t\t\t\t<\/div>\n\t\t\t\t<div class=\"elementor-element elementor-element-7672d5dc elementor-widget__width-initial elementor-widget elementor-widget-text-editor\" data-id=\"7672d5dc\" data-element_type=\"widget\" data-e-type=\"widget\" data-widget_type=\"text-editor.default\">\n\t\t\t\t<div class=\"elementor-widget-container\">\n\t\t\t\t\t\t\t\t\t<p>Our holiday home is situated on the outskirts of a quiet Hungarian village called B\u00fckkzs\u00e9rc. Completly surrounded by nature, this cottage is the perfect place to unwind.<\/p>\t\t\t\t\t\t\t\t<\/div>\n\t\t\t\t<\/div>\n\t\t\t\t<\/div>\n\t\t\t\t<\/div>\n\t\t<div class=\"elementor-element elementor-element-4a041d68 e-con-full e-flex e-con e-parent\" data-id=\"4a041d68\" data-element_type=\"container\" data-e-type=\"container\" data-settings=\"{&quot;background_background&quot;:&quot;classic&quot;}\">\n\t\t<div class=\"elementor-element elementor-element-56b48663 e-con-full e-flex e-con e-child\" data-id=\"56b48663\" data-element_type=\"container\" data-e-type=\"container\">\n\t\t\t\t<div class=\"elementor-element elementor-element-2c00b6a7 elementor-widget elementor-widget-heading\" data-id=\"2c00b6a7\" data-element_type=\"widget\" data-e-type=\"widget\" data-widget_type=\"heading.default\">\n\t\t\t\t<div class=\"elementor-widget-container\">\n\t\t\t\t\t<h2 class=\"elementor-heading-title elementor-size-default\">HUNGARY<\/h2>\t\t\t\t<\/div>\n\t\t\t\t<\/div>\n\t\t\t\t<div class=\"elementor-element elementor-element-90e621c ee-trigger-align--center elementor-widget elementor-widget-unfold\" data-id=\"90e621c\" data-element_type=\"widget\" data-e-type=\"widget\" data-settings=\"{&quot;visible_percentage&quot;:{&quot;unit&quot;:&quot;px&quot;,&quot;size&quot;:13,&quot;sizes&quot;:[]},&quot;duration_unfold&quot;:{&quot;unit&quot;:&quot;px&quot;,&quot;size&quot;:0.5,&quot;sizes&quot;:[]},&quot;animation_unfold&quot;:&quot;Power4&quot;,&quot;easing_unfold&quot;:&quot;easeInOut&quot;,&quot;duration_fold&quot;:{&quot;unit&quot;:&quot;px&quot;,&quot;size&quot;:0.5,&quot;sizes&quot;:[]},&quot;animation_fold&quot;:&quot;Power4&quot;,&quot;easing_fold&quot;:&quot;easeInOut&quot;}\" data-widget_type=\"unfold.default\">\n\t\t\t\t<div class=\"elementor-widget-container\">\n\t\t\t\t\t<div class=\"ee-unfold\">\n\t\t\t<div class=\"ee-unfold__mask\">\n\t\t\t\t<div class=\"ee-unfold__content\">\n\t\t\t\t\t<p>Hungary\u2019s history dates back to ancient times, when the Magyars migrated to the Carpathian Basin in the late 9th century. Below you can find a brief overview of the most important events in Hungary\u2019s history:<\/p><p>9th-11th century: The Magyars occupy the Carpathian Basin and found the Hungarian state in the year 1000, ruled by King Stephen I. The country adopts Christianity as its official religion.<\/p><p>13th-16th century: Hungary becomes a powerful kingdom in Europe, reaching its peak under the reign of King Matthias Corvinus in the 15th century. However, in the mid-16th century, the Ottoman Empire invades the country and occupies it for more than 150 years.<\/p><p>18th century: After the defeat of the Ottoman Empire, Austria gains control of Hungary and the two countries form a dual monarchy known as the Austro-Hungarian Empire.<\/p><p>19th century: Hungary experiences a period of cultural and political renaissance known as the Hungarian Revolution of 1848, which is crushed by the Austro-Hungarian Empire. In 1867, Hungary is granted autonomy within the Austro-Hungarian Empire.<\/p><p>20th century: After the collapse of the Austro-Hungarian Empire at the end of World War I, Hungary becomes a republic. During World War II, the country is occupied by Nazi Germany, and becomes a communist state after the war. The Soviet Union suppresses the 1956 Hungarian Revolution.<\/p><p>1989-1990: Hungary makes the transition to a democratic government and a market economy after the collapse of the Soviet Union.<\/p><p>21st century: In 2004, Hungary becomes a member of the European Union, leading to significant economic growth.<\/p>\t\t\t\t<\/div>\n\t\t\t\t<div class=\"ee-unfold__separator\"><\/div>\n\t\t\t<\/div>\n\t\t\t<div class=\"ee-unfold__trigger\">\n\t\t\t\t<span class=\"ee-button-wrapper\">\n\t\t\t\t\t<span class=\"ee-button ee-size-sm\">\n\t\t\t\t\t\t<span class=\"ee-button-content-wrapper\"><span class=\"ee-button-text\" data-close-label=\"Lees minder\" data-open-label=\"Read more\">Read more<\/span>\n\t\t<\/span>\n\t\t\t\t\t\t\t<\/span>\n\t\t\t\t<\/span>\n\t\t\t<\/div>\n\t\t<\/div>\t\t\t\t<\/div>\n\t\t\t\t<\/div>\n\t\t\t\t<\/div>\n\t\t<div class=\"elementor-element elementor-element-6baef60f e-con-full e-flex e-con e-child\" data-id=\"6baef60f\" data-element_type=\"container\" data-e-type=\"container\">\n\t\t\t\t<div class=\"elementor-element elementor-element-5e49e72f elementor-widget elementor-widget-image\" data-id=\"5e49e72f\" data-element_type=\"widget\" data-e-type=\"widget\" data-widget_type=\"image.default\">\n\t\t\t\t<div class=\"elementor-widget-container\">\n\t\t\t\t\t\t\t\t\t\t\t\t\t\t\t<img decoding=\"async\" width=\"682\" height=\"1024\" src=\"https:\/\/themountaincottage.be\/wp-content\/uploads\/2023\/06\/pexels-timi-keszthelyi-2350351-682x1024.jpg\" class=\"attachment-large size-large wp-image-1132\" alt=\"\" srcset=\"https:\/\/themountaincottage.be\/wp-content\/uploads\/2023\/06\/pexels-timi-keszthelyi-2350351-682x1024.jpg 682w, https:\/\/themountaincottage.be\/wp-content\/uploads\/2023\/06\/pexels-timi-keszthelyi-2350351-200x300.jpg 200w, https:\/\/themountaincottage.be\/wp-content\/uploads\/2023\/06\/pexels-timi-keszthelyi-2350351-768x1152.jpg 768w, https:\/\/themountaincottage.be\/wp-content\/uploads\/2023\/06\/pexels-timi-keszthelyi-2350351-1024x1536.jpg 1024w, https:\/\/themountaincottage.be\/wp-content\/uploads\/2023\/06\/pexels-timi-keszthelyi-2350351-1365x2048.jpg 1365w, https:\/\/themountaincottage.be\/wp-content\/uploads\/2023\/06\/pexels-timi-keszthelyi-2350351-600x900.jpg 600w, https:\/\/themountaincottage.be\/wp-content\/uploads\/2023\/06\/pexels-timi-keszthelyi-2350351-scaled.jpg 1706w\" sizes=\"(max-width: 682px) 100vw, 682px\" \/>\t\t\t\t\t\t\t\t\t\t\t\t\t\t\t<\/div>\n\t\t\t\t<\/div>\n\t\t\t\t<\/div>\n\t\t\t\t<\/div>\n\t\t<div class=\"elementor-element elementor-element-6aee0024 e-con-full buk e-flex e-con e-parent\" data-id=\"6aee0024\" data-element_type=\"container\" data-e-type=\"container\" data-settings=\"{&quot;background_background&quot;:&quot;classic&quot;}\">\n\t\t<div class=\"elementor-element elementor-element-42592be7 e-con-full e-flex e-con e-child\" data-id=\"42592be7\" data-element_type=\"container\" data-e-type=\"container\">\n\t\t\t\t<div class=\"elementor-element elementor-element-23c1ab50 elementor-widget elementor-widget-heading\" data-id=\"23c1ab50\" data-element_type=\"widget\" data-e-type=\"widget\" data-widget_type=\"heading.default\">\n\t\t\t\t<div class=\"elementor-widget-container\">\n\t\t\t\t\t<h2 class=\"elementor-heading-title elementor-size-default\">B\u00dcKKZs\u00c9RC<\/h2>\t\t\t\t<\/div>\n\t\t\t\t<\/div>\n\t\t\t\t<div class=\"elementor-element elementor-element-249c75d1 ee-trigger-align--center elementor-widget elementor-widget-unfold\" data-id=\"249c75d1\" data-element_type=\"widget\" data-e-type=\"widget\" data-settings=\"{&quot;visible_percentage&quot;:{&quot;unit&quot;:&quot;px&quot;,&quot;size&quot;:13,&quot;sizes&quot;:[]},&quot;duration_unfold&quot;:{&quot;unit&quot;:&quot;px&quot;,&quot;size&quot;:0.5,&quot;sizes&quot;:[]},&quot;animation_unfold&quot;:&quot;Power4&quot;,&quot;easing_unfold&quot;:&quot;easeInOut&quot;,&quot;duration_fold&quot;:{&quot;unit&quot;:&quot;px&quot;,&quot;size&quot;:0.5,&quot;sizes&quot;:[]},&quot;animation_fold&quot;:&quot;Power4&quot;,&quot;easing_fold&quot;:&quot;easeInOut&quot;}\" data-widget_type=\"unfold.default\">\n\t\t\t\t<div class=\"elementor-widget-container\">\n\t\t\t\t\t<div class=\"ee-unfold\">\n\t\t\t<div class=\"ee-unfold__mask\">\n\t\t\t\t<div class=\"ee-unfold__content\">\n\t\t\t\t\t<p>B\u00fckkzs\u00e9rc is a village in northern Hungary, located in the administrative county Borsod-Aba\u00faj-Zempl\u00e9n. The history of B\u00fckkzs\u00e9rc dates back to the Middle Ages, when the village was part of the Kingdom of Hungary. Below is a brief overview of the history of B\u00fckkzs\u00e9rc:<\/p><p>13th century: The village is first mentioned in historical documents, where it is referred to as \u2018Zerc\u2019.<\/p><p>16th century: B\u00fckkzs\u00e9rc is part of the Ottoman Empire and is largely destroyed when the Turks invade the empire.<\/p><p>18th century: After the defeat of the Ottoman Empire, B\u00fckkzs\u00e9rc is rebuilt and comes under Habsburg control.<\/p><p>20th century: During World War II, B\u00fckkzs\u00e9rc is occupied by Nazi Germany, and most of its Jewish inhabitants are deported to concentration camps and murdered. After the war, B\u00fckkzs\u00e9rc becomes part of the communist state of Hungary and the village is affected by agricultural reforms and industrialization.<\/p><p>21st century: After the fall of communism in 1989, B\u00fckkzs\u00e9rc switches to a market economy. The village is still mainly agricultural and attracts tourists because of its natural beauty and proximity to the B\u00fckk mountains.<\/p>\t\t\t\t<\/div>\n\t\t\t\t<div class=\"ee-unfold__separator\"><\/div>\n\t\t\t<\/div>\n\t\t\t<div class=\"ee-unfold__trigger\">\n\t\t\t\t<span class=\"ee-button-wrapper\">\n\t\t\t\t\t<span class=\"ee-button ee-size-sm\">\n\t\t\t\t\t\t<span class=\"ee-button-content-wrapper\"><span class=\"ee-button-text\" data-close-label=\"Lees minder\" data-open-label=\"Read more\">Read more<\/span>\n\t\t<\/span>\n\t\t\t\t\t\t\t<\/span>\n\t\t\t\t<\/span>\n\t\t\t<\/div>\n\t\t<\/div>\t\t\t\t<\/div>\n\t\t\t\t<\/div>\n\t\t\t\t<\/div>\n\t\t<div class=\"elementor-element elementor-element-30855d5e e-con-full e-flex e-con e-child\" data-id=\"30855d5e\" data-element_type=\"container\" data-e-type=\"container\">\n\t\t\t\t<div class=\"elementor-element elementor-element-1b524b21 elementor-widget elementor-widget-image\" data-id=\"1b524b21\" data-element_type=\"widget\" data-e-type=\"widget\" data-widget_type=\"image.default\">\n\t\t\t\t<div class=\"elementor-widget-container\">\n\t\t\t\t\t\t\t\t\t\t\t\t\t\t\t<img decoding=\"async\" width=\"800\" height=\"600\" src=\"https:\/\/themountaincottage.be\/wp-content\/uploads\/2023\/06\/Uitzicht-huis-1024x768.jpg\" class=\"attachment-large size-large wp-image-1053\" alt=\"\" srcset=\"https:\/\/themountaincottage.be\/wp-content\/uploads\/2023\/06\/Uitzicht-huis-1024x768.jpg 1024w, https:\/\/themountaincottage.be\/wp-content\/uploads\/2023\/06\/Uitzicht-huis-300x225.jpg 300w, https:\/\/themountaincottage.be\/wp-content\/uploads\/2023\/06\/Uitzicht-huis-768x576.jpg 768w, https:\/\/themountaincottage.be\/wp-content\/uploads\/2023\/06\/Uitzicht-huis-1536x1152.jpg 1536w, https:\/\/themountaincottage.be\/wp-content\/uploads\/2023\/06\/Uitzicht-huis-600x450.jpg 600w, https:\/\/themountaincottage.be\/wp-content\/uploads\/2023\/06\/Uitzicht-huis.jpg 1600w\" sizes=\"(max-width: 800px) 100vw, 800px\" \/>\t\t\t\t\t\t\t\t\t\t\t\t\t\t\t<\/div>\n\t\t\t\t<\/div>\n\t\t\t\t<\/div>\n\t\t\t\t<\/div>\n\t\t<div class=\"elementor-element elementor-element-771d38b4 e-flex e-con-boxed e-con e-parent\" data-id=\"771d38b4\" data-element_type=\"container\" data-e-type=\"container\" data-settings=\"{&quot;background_background&quot;:&quot;classic&quot;}\">\n\t\t\t\t\t<div class=\"e-con-inner\">\n\t\t\t\t<div class=\"elementor-element elementor-element-3e1218f9 elementor-widget elementor-widget-heading\" data-id=\"3e1218f9\" data-element_type=\"widget\" data-e-type=\"widget\" data-widget_type=\"heading.default\">\n\t\t\t\t<div class=\"elementor-widget-container\">\n\t\t\t\t\t<h5 class=\"elementor-heading-title elementor-size-default\">Would you like to know more about the possibilities in and around The Mountain Cottage?<\/h5>\t\t\t\t<\/div>\n\t\t\t\t<\/div>\n\t\t\t\t<div class=\"elementor-element elementor-element-27f03788 elementor-widget elementor-widget-text-editor\" data-id=\"27f03788\" data-element_type=\"widget\" data-e-type=\"widget\" data-widget_type=\"text-editor.default\">\n\t\t\t\t<div class=\"elementor-widget-container\">\n\t\t\t\t\t\t\t\t\t<p>The Mountain Cottage offers a wide variety of recreational possibilities, culinary services and fun excursions.<\/p>\t\t\t\t\t\t\t\t<\/div>\n\t\t\t\t<\/div>\n\t\t\t\t<div class=\"elementor-element elementor-element-6848fb65 elementor-align-center elementor-widget elementor-widget-button\" data-id=\"6848fb65\" data-element_type=\"widget\" data-e-type=\"widget\" data-widget_type=\"button.default\">\n\t\t\t\t<div class=\"elementor-widget-container\">\n\t\t\t\t\t\t\t\t\t<div class=\"elementor-button-wrapper\">\n\t\t\t\t\t<a class=\"elementor-button elementor-button-link elementor-size-sm\" href=\"https:\/\/themountaincottage.be\/the-cottage\/\">\n\t\t\t\t\t\t<span class=\"elementor-button-content-wrapper\">\n\t\t\t\t\t\t\t\t\t<span class=\"elementor-button-text\">More info<\/span>\n\t\t\t\t\t<\/span>\n\t\t\t\t\t<\/a>\n\t\t\t\t<\/div>\n\t\t\t\t\t\t\t\t<\/div>\n\t\t\t\t<\/div>\n\t\t\t\t\t<\/div>\n\t\t\t\t<\/div>\n\t\t\t\t<\/div>\n\t\t","protected":false},"excerpt":{"rendered":"<p>THE SURROUNDINGS Our holiday home is situated on the outskirts of a quiet Hungarian village called B\u00fckkzs\u00e9rc. Completly surrounded by nature, this cottage is the perfect place to unwind. More info THE SURROUNDINGS Our holiday home is situated on the outskirts of a quiet Hungarian village called B\u00fckkzs\u00e9rc. Completly surrounded by nature, this cottage is [&hellip;]<\/p>\n","protected":false},"author":1,"featured_media":0,"parent":0,"menu_order":0,"comment_status":"closed","ping_status":"closed","template":"elementor_header_footer","meta":{"footnotes":""},"class_list":["post-3362","page","type-page","status-publish","hentry"],"_links":{"self":[{"href":"https:\/\/themountaincottage.be\/en\/wp-json\/wp\/v2\/pages\/3362","targetHints":{"allow":["GET"]}}],"collection":[{"href":"https:\/\/themountaincottage.be\/en\/wp-json\/wp\/v2\/pages"}],"about":[{"href":"https:\/\/themountaincottage.be\/en\/wp-json\/wp\/v2\/types\/page"}],"author":[{"embeddable":true,"href":"https:\/\/themountaincottage.be\/en\/wp-json\/wp\/v2\/users\/1"}],"replies":[{"embeddable":true,"href":"https:\/\/themountaincottage.be\/en\/wp-json\/wp\/v2\/comments?post=3362"}],"version-history":[{"count":19,"href":"https:\/\/themountaincottage.be\/en\/wp-json\/wp\/v2\/pages\/3362\/revisions"}],"predecessor-version":[{"id":6802,"href":"https:\/\/themountaincottage.be\/en\/wp-json\/wp\/v2\/pages\/3362\/revisions\/6802"}],"wp:attachment":[{"href":"https:\/\/themountaincottage.be\/en\/wp-json\/wp\/v2\/media?parent=3362"}],"curies":[{"name":"wp","href":"https:\/\/api.w.org\/{rel}","templated":true}]}}