{"id":3948,"date":"2023-05-26T13:06:12","date_gmt":"2023-05-26T11:06:12","guid":{"rendered":"https:\/\/themountaincottage.be\/airports-and-route\/"},"modified":"2023-11-14T10:11:42","modified_gmt":"2023-11-14T09:11:42","slug":"airports-and-route","status":"publish","type":"page","link":"https:\/\/themountaincottage.be\/en\/airports-and-route\/","title":{"rendered":"Airports and route"},"content":{"rendered":"\t\t<div data-elementor-type=\"wp-page\" data-elementor-id=\"3948\" class=\"elementor elementor-3948 elementor-40\" data-elementor-post-type=\"page\">\n\t\t\t\t<div class=\"elementor-element elementor-element-1a541e93 e-con-full animated-slow elementor-hidden-tablet elementor-hidden-mobile e-flex e-con e-parent\" data-id=\"1a541e93\" data-element_type=\"container\" data-e-type=\"container\" data-settings=\"{&quot;animation&quot;:&quot;none&quot;}\">\n\t\t<div class=\"elementor-element elementor-element-61dd2a1b e-con-full e-flex elementor-invisible e-con e-child\" data-id=\"61dd2a1b\" data-element_type=\"container\" data-e-type=\"container\" data-settings=\"{&quot;animation&quot;:&quot;fadeInLeft&quot;}\">\n\t\t\t\t<div class=\"elementor-element elementor-element-771fd03d elementor-widget elementor-widget-image\" data-id=\"771fd03d\" data-element_type=\"widget\" data-e-type=\"widget\" data-widget_type=\"image.default\">\n\t\t\t\t<div class=\"elementor-widget-container\">\n\t\t\t\t\t\t\t\t\t\t\t\t\t\t\t<img fetchpriority=\"high\" decoding=\"async\" width=\"800\" height=\"533\" src=\"https:\/\/themountaincottage.be\/wp-content\/uploads\/2023\/06\/Uitzicht-5-1024x682.jpg\" class=\"attachment-large size-large wp-image-1059\" alt=\"\" srcset=\"https:\/\/themountaincottage.be\/wp-content\/uploads\/2023\/06\/Uitzicht-5-1024x682.jpg 1024w, https:\/\/themountaincottage.be\/wp-content\/uploads\/2023\/06\/Uitzicht-5-300x200.jpg 300w, https:\/\/themountaincottage.be\/wp-content\/uploads\/2023\/06\/Uitzicht-5-768x512.jpg 768w, https:\/\/themountaincottage.be\/wp-content\/uploads\/2023\/06\/Uitzicht-5-1536x1023.jpg 1536w, https:\/\/themountaincottage.be\/wp-content\/uploads\/2023\/06\/Uitzicht-5-600x400.jpg 600w, https:\/\/themountaincottage.be\/wp-content\/uploads\/2023\/06\/Uitzicht-5.jpg 1600w\" sizes=\"(max-width: 800px) 100vw, 800px\" \/>\t\t\t\t\t\t\t\t\t\t\t\t\t\t\t<\/div>\n\t\t\t\t<\/div>\n\t\t\t\t<\/div>\n\t\t<div class=\"elementor-element elementor-element-735c02dc e-con-full e-flex elementor-invisible e-con e-child\" data-id=\"735c02dc\" data-element_type=\"container\" data-e-type=\"container\" data-settings=\"{&quot;background_background&quot;:&quot;classic&quot;,&quot;animation&quot;:&quot;fadeInRight&quot;}\">\n\t\t\t\t<div class=\"elementor-element elementor-element-28a4bd8 elementor-widget elementor-widget-heading\" data-id=\"28a4bd8\" data-element_type=\"widget\" data-e-type=\"widget\" data-widget_type=\"heading.default\">\n\t\t\t\t<div class=\"elementor-widget-container\">\n\t\t\t\t\t<h2 class=\"elementor-heading-title elementor-size-default\">AIRPORTS AND ROUTE<\/h2>\t\t\t\t<\/div>\n\t\t\t\t<\/div>\n\t\t\t\t<div class=\"elementor-element elementor-element-4c62cb6c elementor-widget__width-initial elementor-widget elementor-widget-text-editor\" data-id=\"4c62cb6c\" data-element_type=\"widget\" data-e-type=\"widget\" data-widget_type=\"text-editor.default\">\n\t\t\t\t<div class=\"elementor-widget-container\">\n\t\t\t\t\t\t\t\t\t<p>Our holiday home is located on the outskirts of the quiet Hungarian village of B\u00fckkzs\u00e9rc and is easily accessible by car and plane.<\/p>\n\t\t\t\t\t\t\t\t<\/div>\n\t\t\t\t<\/div>\n\t\t\t\t<\/div>\n\t\t\t\t<\/div>\n\t\t<div class=\"elementor-element elementor-element-10a1cc5 e-con-full animated-slow Header-mobile elementor-hidden-desktop e-flex e-con e-parent\" data-id=\"10a1cc5\" data-element_type=\"container\" data-e-type=\"container\" id=\"Header-mobile\" data-settings=\"{&quot;animation&quot;:&quot;none&quot;,&quot;background_background&quot;:&quot;classic&quot;,&quot;animation_mobile&quot;:&quot;fadeIn&quot;}\">\n\t\t<div class=\"elementor-element elementor-element-85f90c3 e-con-full e-flex elementor-invisible e-con e-child\" data-id=\"85f90c3\" data-element_type=\"container\" data-e-type=\"container\" data-settings=\"{&quot;background_background&quot;:&quot;classic&quot;,&quot;animation&quot;:&quot;fadeInRight&quot;}\">\n\t\t\t\t<div class=\"elementor-element elementor-element-cac32f9 elementor-widget elementor-widget-heading\" data-id=\"cac32f9\" data-element_type=\"widget\" data-e-type=\"widget\" data-widget_type=\"heading.default\">\n\t\t\t\t<div class=\"elementor-widget-container\">\n\t\t\t\t\t<h2 class=\"elementor-heading-title elementor-size-default\">AIRPORTS AND ROUTE<\/h2>\t\t\t\t<\/div>\n\t\t\t\t<\/div>\n\t\t\t\t<div class=\"elementor-element elementor-element-9dc425a elementor-widget__width-initial elementor-widget elementor-widget-text-editor\" data-id=\"9dc425a\" data-element_type=\"widget\" data-e-type=\"widget\" data-widget_type=\"text-editor.default\">\n\t\t\t\t<div class=\"elementor-widget-container\">\n\t\t\t\t\t\t\t\t\t<p style=\"text-align: center;\">\n            <span style=\"color: #324a6d; font-family: Poppins, sans-serif; font-size: 22px; text-align: start;\">Our holiday home is located on the outskirts of the quiet Hungarian village of B\u00fckkzs\u00e9rc and is easily accessible by car and plane.<\/span>\n          <\/p>\n\t\t\t\t\t\t\t\t<\/div>\n\t\t\t\t<\/div>\n\t\t\t\t<\/div>\n\t\t\t\t<\/div>\n\t\t<div class=\"elementor-element elementor-element-2bf37ac3 e-con-full e-flex e-con e-parent\" data-id=\"2bf37ac3\" data-element_type=\"container\" data-e-type=\"container\">\n\t\t<div class=\"elementor-element elementor-element-a646be3 e-con-full e-flex e-con e-child\" data-id=\"a646be3\" data-element_type=\"container\" data-e-type=\"container\">\n\t\t\t\t<div class=\"elementor-element elementor-element-9cd0571 ee-google-map-navigation--hide-mobile ee-google-map-navigation--top-left elementor-widget elementor-widget-ee-google-map\" data-id=\"9cd0571\" data-element_type=\"widget\" data-e-type=\"widget\" data-settings=\"{&quot;scrollwheel&quot;:&quot;yes&quot;,&quot;fullscreen_control&quot;:&quot;yes&quot;,&quot;map_type_control&quot;:&quot;yes&quot;,&quot;scale_control&quot;:&quot;yes&quot;,&quot;zoom_control&quot;:&quot;yes&quot;,&quot;navigation&quot;:&quot;yes&quot;,&quot;navigation_zoom&quot;:{&quot;unit&quot;:&quot;px&quot;,&quot;size&quot;:20,&quot;sizes&quot;:[]},&quot;all_text&quot;:&quot;All locations&quot;,&quot;popups&quot;:&quot;yes&quot;,&quot;fit&quot;:&quot;yes&quot;,&quot;map_type&quot;:&quot;ROADMAP&quot;,&quot;doubleclick_zoom&quot;:&quot;yes&quot;,&quot;draggable&quot;:&quot;yes&quot;,&quot;keyboard_shortcuts&quot;:&quot;yes&quot;,&quot;pin_size&quot;:{&quot;unit&quot;:&quot;px&quot;,&quot;size&quot;:50,&quot;sizes&quot;:[]},&quot;pin_position_horizontal&quot;:&quot;center&quot;,&quot;pin_position_vertical&quot;:&quot;top&quot;,&quot;map_style_type&quot;:&quot;api&quot;,&quot;navigation_position&quot;:&quot;top-left&quot;}\" data-widget_type=\"ee-google-map.default\">\n\t\t\t\t<div class=\"elementor-widget-container\">\n\t\t\t\t\t<div class=\"ee-google-map-wrapper\"><div class=\"ee-google-map__navigation\">\n\t\t\t<ul class=\"ee-nav ee-nav--stacked ee-google-map__navigation__items\"><li class=\"ee-google-map__navigation__item ee-google-map__navigation__item--all\">\n\t\t\t\t<a class=\"ee-google-map__navigation__link ee-button ee-button-link\"><span class=\"ee-button-icon ee-icon ee-icon-support--svg ee-icon--left\"><i aria-hidden=\"true\" class=\"fas fa-map-marker-alt\"><\/i><\/span><span class=\"ee-google-map__navigation__text\">\n\t\t\t\t\t\tAll locations\t\t\t\t\t<\/span>\n\t\t\t\t<\/a>\n\t\t\t<\/li><li class=\"ee-google-map__navigation__item elementor-repeater-item-1af45fa\" data-id=\"1af45fa\">\n\t\t\t\t\t\t<a class=\"ee-google-map__navigation__link ee-button ee-button-link\"><span class=\"ee-button-icon ee-icon ee-icon-support--svg ee-icon--left\"><i aria-hidden=\"true\" class=\"fas fa-map-marker-alt\"><\/i><\/span><span class=\"ee-google-map__navigation__text\">\n\t\t\t\t\t\t\t\tThe Mountain Cottage\t\t\t\t\t\t\t<\/span>\n\t\t\t\t\t\t<\/a>\n\t\t\t\t\t<\/li><li class=\"ee-google-map__navigation__item elementor-repeater-item-e617b03\" data-id=\"e617b03\">\n\t\t\t\t\t\t<a class=\"ee-google-map__navigation__link ee-button ee-button-link\"><span class=\"ee-button-icon ee-icon ee-icon-support--svg ee-icon--left\"><i aria-hidden=\"true\" class=\"fas fa-map-marker-alt\"><\/i><\/span><span class=\"ee-google-map__navigation__text\">\n\t\t\t\t\t\t\t\tPoprad-Tatry Airport\t\t\t\t\t\t\t<\/span>\n\t\t\t\t\t\t<\/a>\n\t\t\t\t\t<\/li><li class=\"ee-google-map__navigation__item elementor-repeater-item-afc4ffe\" data-id=\"afc4ffe\">\n\t\t\t\t\t\t<a class=\"ee-google-map__navigation__link ee-button ee-button-link\"><span class=\"ee-button-icon ee-icon ee-icon-support--svg ee-icon--left\"><i aria-hidden=\"true\" class=\"fas fa-map-marker-alt\"><\/i><\/span><span class=\"ee-google-map__navigation__text\">\n\t\t\t\t\t\t\t\tKo\u0161ice Airport\t\t\t\t\t\t\t<\/span>\n\t\t\t\t\t\t<\/a>\n\t\t\t\t\t<\/li><li class=\"ee-google-map__navigation__item elementor-repeater-item-c3236b9\" data-id=\"c3236b9\">\n\t\t\t\t\t\t<a class=\"ee-google-map__navigation__link ee-button ee-button-link\"><span class=\"ee-button-icon ee-icon ee-icon-support--svg ee-icon--left\"><i aria-hidden=\"true\" class=\"fas fa-map-marker-alt\"><\/i><\/span><span class=\"ee-google-map__navigation__text\">\n\t\t\t\t\t\t\t\tBudapest Liszt Ferenc Airport\t\t\t\t\t\t\t<\/span>\n\t\t\t\t\t\t<\/a>\n\t\t\t\t\t<\/li><li class=\"ee-google-map__navigation__item elementor-repeater-item-0222a0e\" data-id=\"0222a0e\">\n\t\t\t\t\t\t<a class=\"ee-google-map__navigation__link ee-button ee-button-link\"><span class=\"ee-button-icon ee-icon ee-icon-support--svg ee-icon--left\"><i aria-hidden=\"true\" class=\"fas fa-map-marker-alt\"><\/i><\/span><span class=\"ee-google-map__navigation__text\">\n\t\t\t\t\t\t\t\tDebrecen Airport\t\t\t\t\t\t\t<\/span>\n\t\t\t\t\t\t<\/a>\n\t\t\t\t\t<\/li>\n\t\t\t<\/ul>\n\t\t<\/div><div class=\"ee-google-map\" data-lat=\"\" data-lng=\"\">\n\t\t\t\t\t\t\n\t\t\t\t\t<div class=\"ee-google-map__pin\" data-trigger=\"click\" data-lat=\"47.9587559\" data-lng=\"20.5025627\" data-id=\"1af45fa\" data-icon=\"https:\/\/themountaincottage.be\/wp-content\/uploads\/2023\/06\/TMC-groen-LOGO-BEELDMERK.png\">\n\t\t\t\t\t\t\t<h6 class=\"ee-google-map__pin__title\">\n\t\t\t\t\t\t\t\t\tThe Mountain Cottage\t\t\t\t\t\t\t\t<\/h6>\n\t\t\t\t\t\t\t\t<p class=\"ee-google-map__pin__description\">\n\t\t\t\t\t\t\t\t\t\t\t\t\t\t\t\t\t<\/p>\n\n\t\t\t\t\t\t\t\t\t\t\t\t\t<\/div><div class=\"ee-google-map__pin\" data-trigger=\"mouseover\" data-lat=\"49.0690047\" data-lng=\"20.1660782\" data-id=\"e617b03\">\n\t\t\t\t\t\t\t<h6 class=\"ee-google-map__pin__title\">\n\t\t\t\t\t\t\t\t\tPoprad-Tatry Airport\t\t\t\t\t\t\t\t<\/h6>\n\t\t\t\t\t\t\t\t<p class=\"ee-google-map__pin__description\">\n\t\t\t\t\t\t\t\t\t<p>Na letisko 100<br \/>058 89 Poprad<br \/>Slowakije<\/p>\t\t\t\t\t\t\t\t<\/p>\n\n\t\t\t\t\t\t\t\t\t\t\t\t\t<\/div><div class=\"ee-google-map__pin\" data-trigger=\"mouseover\" data-lat=\"48.67299\" data-lng=\"21.1550422\" data-id=\"afc4ffe\">\n\t\t\t\t\t\t\t<h6 class=\"ee-google-map__pin__title\">\n\t\t\t\t\t\t\t\t\tKo\u0161ice Airport\t\t\t\t\t\t\t\t<\/h6>\n\t\t\t\t\t\t\t\t<p class=\"ee-google-map__pin__description\">\n\t\t\t\t\t\t\t\t\t<p>Luchthaven Ko\u0161ice<br \/>Leteck\u00e1 41<br \/>041 75 Ko\u0161ice<br \/>Slowakije<\/p>\t\t\t\t\t\t\t\t<\/p>\n\n\t\t\t\t\t\t\t\t\t\t\t\t\t<\/div><div class=\"ee-google-map__pin\" data-trigger=\"mouseover\" data-lat=\"47.4385673\" data-lng=\"19.2515714\" data-id=\"c3236b9\">\n\t\t\t\t\t\t\t<h6 class=\"ee-google-map__pin__title\">\n\t\t\t\t\t\t\t\t\tBudapest Liszt Ferenc Airport\t\t\t\t\t\t\t\t<\/h6>\n\t\t\t\t\t\t\t\t<p class=\"ee-google-map__pin__description\">\n\t\t\t\t\t\t\t\t\t<p>Luchthaven van Boedapest (BUD)<br \/>Budapest<br \/>Hongarije<\/p>\t\t\t\t\t\t\t\t<\/p>\n\n\t\t\t\t\t\t\t\t\t\t\t\t\t<\/div><div class=\"ee-google-map__pin\" data-trigger=\"click\" data-lat=\"47.4915066\" data-lng=\"21.6067705\" data-id=\"0222a0e\">\n\t\t\t\t\t\t\t<h6 class=\"ee-google-map__pin__title\">\n\t\t\t\t\t\t\t\t\tDebrecen Airport\t\t\t\t\t\t\t\t<\/h6>\n\t\t\t\t\t\t\t\t<p class=\"ee-google-map__pin__description\">\n\t\t\t\t\t\t\t\t\t<p>Debrecen<br \/>Rep\u00fcl\u0151t\u00e9ri \u00fat 12<br \/>4030 Debrecen<br \/>Hongarije<\/p>\t\t\t\t\t\t\t\t<\/p>\n\n\t\t\t\t\t\t\t\t\t\t\t\t\t<\/div><\/div><\/div>\t\t\t\t<\/div>\n\t\t\t\t<\/div>\n\t\t\t\t<\/div>\n\t\t<div class=\"elementor-element elementor-element-50f61dd e-con-full e-flex e-con e-child\" data-id=\"50f61dd\" data-element_type=\"container\" data-e-type=\"container\">\n\t\t\t\t<div class=\"elementor-element elementor-element-24aa86c elementor-widget elementor-widget-heading\" data-id=\"24aa86c\" data-element_type=\"widget\" data-e-type=\"widget\" data-widget_type=\"heading.default\">\n\t\t\t\t<div class=\"elementor-widget-container\">\n\t\t\t\t\t<h2 class=\"elementor-heading-title elementor-size-default\">Airports<\/h2>\t\t\t\t<\/div>\n\t\t\t\t<\/div>\n\t\t\t\t<div class=\"elementor-element elementor-element-e06c9a2 elementor-widget elementor-widget-text-editor\" data-id=\"e06c9a2\" data-element_type=\"widget\" data-e-type=\"widget\" data-widget_type=\"text-editor.default\">\n\t\t\t\t<div class=\"elementor-widget-container\">\n\t\t\t\t\t\t\t\t\t<p>There are several airports near B\u00fckkzs\u00e9rc. Below is an overview of the nearest airports: <\/p>\n\t\t\t\t\t\t\t\t<\/div>\n\t\t\t\t<\/div>\n\t\t\t\t<div class=\"elementor-element elementor-element-bb31bee elementor-widget elementor-widget-toggle\" data-id=\"bb31bee\" data-element_type=\"widget\" data-e-type=\"widget\" data-widget_type=\"toggle.default\">\n\t\t\t\t<div class=\"elementor-widget-container\">\n\t\t\t\t\t\t\t<div class=\"elementor-toggle\">\n\t\t\t\t\t\t\t<div class=\"elementor-toggle-item\">\n\t\t\t\t\t<div id=\"elementor-tab-title-1961\" class=\"elementor-tab-title\" data-tab=\"1\" role=\"button\" aria-controls=\"elementor-tab-content-1961\" aria-expanded=\"false\">\n\t\t\t\t\t\t\t\t\t\t\t\t<span class=\"elementor-toggle-icon elementor-toggle-icon-left\" aria-hidden=\"true\">\n\t\t\t\t\t\t\t\t\t\t\t\t\t\t\t<span class=\"elementor-toggle-icon-closed\"><i class=\"fas fa-caret-right\"><\/i><\/span>\n\t\t\t\t\t\t\t\t<span class=\"elementor-toggle-icon-opened\"><i class=\"elementor-toggle-icon-opened fas fa-caret-up\"><\/i><\/span>\n\t\t\t\t\t\t\t\t\t\t\t\t\t<\/span>\n\t\t\t\t\t\t\t\t\t\t\t\t<a class=\"elementor-toggle-title\" tabindex=\"0\">Debrecen Airport (DEB)<\/a>\n\t\t\t\t\t<\/div>\n\n\t\t\t\t\t<div id=\"elementor-tab-content-1961\" class=\"elementor-tab-content elementor-clearfix\" data-tab=\"1\" role=\"region\" aria-labelledby=\"elementor-tab-title-1961\"><p>This airport is located approx. 140 kilometers from B\u00fckkzs\u00e9rc and is the second largest airport in Hungary. It is an important hub for low-cost airlines and offers flights to several European destinations. <\/p>\n<\/div>\n\t\t\t\t<\/div>\n\t\t\t\t\t\t\t<div class=\"elementor-toggle-item\">\n\t\t\t\t\t<div id=\"elementor-tab-title-1962\" class=\"elementor-tab-title\" data-tab=\"2\" role=\"button\" aria-controls=\"elementor-tab-content-1962\" aria-expanded=\"false\">\n\t\t\t\t\t\t\t\t\t\t\t\t<span class=\"elementor-toggle-icon elementor-toggle-icon-left\" aria-hidden=\"true\">\n\t\t\t\t\t\t\t\t\t\t\t\t\t\t\t<span class=\"elementor-toggle-icon-closed\"><i class=\"fas fa-caret-right\"><\/i><\/span>\n\t\t\t\t\t\t\t\t<span class=\"elementor-toggle-icon-opened\"><i class=\"elementor-toggle-icon-opened fas fa-caret-up\"><\/i><\/span>\n\t\t\t\t\t\t\t\t\t\t\t\t\t<\/span>\n\t\t\t\t\t\t\t\t\t\t\t\t<a class=\"elementor-toggle-title\" tabindex=\"0\">Budapest Liszt Ferenc Airport (BUD)<\/a>\n\t\t\t\t\t<\/div>\n\n\t\t\t\t\t<div id=\"elementor-tab-content-1962\" class=\"elementor-tab-content elementor-clearfix\" data-tab=\"2\" role=\"region\" aria-labelledby=\"elementor-tab-title-1962\"><p>This airport is located approx. 160 kilometers from B\u00fckkzs\u00e9rc and is the largest airport in Hungary. It is an important hub for international airlines and offers flights to destinations around the world. <\/p>\n<\/div>\n\t\t\t\t<\/div>\n\t\t\t\t\t\t\t<div class=\"elementor-toggle-item\">\n\t\t\t\t\t<div id=\"elementor-tab-title-1963\" class=\"elementor-tab-title\" data-tab=\"3\" role=\"button\" aria-controls=\"elementor-tab-content-1963\" aria-expanded=\"false\">\n\t\t\t\t\t\t\t\t\t\t\t\t<span class=\"elementor-toggle-icon elementor-toggle-icon-left\" aria-hidden=\"true\">\n\t\t\t\t\t\t\t\t\t\t\t\t\t\t\t<span class=\"elementor-toggle-icon-closed\"><i class=\"fas fa-caret-right\"><\/i><\/span>\n\t\t\t\t\t\t\t\t<span class=\"elementor-toggle-icon-opened\"><i class=\"elementor-toggle-icon-opened fas fa-caret-up\"><\/i><\/span>\n\t\t\t\t\t\t\t\t\t\t\t\t\t<\/span>\n\t\t\t\t\t\t\t\t\t\t\t\t<a class=\"elementor-toggle-title\" tabindex=\"0\">Ko\u0161ice Airport (KSC)<\/a>\n\t\t\t\t\t<\/div>\n\n\t\t\t\t\t<div id=\"elementor-tab-content-1963\" class=\"elementor-tab-content elementor-clearfix\" data-tab=\"3\" role=\"region\" aria-labelledby=\"elementor-tab-title-1963\"><p>This airport is located approx. 160 kilometers from B\u00fckkzs\u00e9rc and is the second largest airport in Slovakia. It offers flights to several European destinations. <\/p>\n<\/div>\n\t\t\t\t<\/div>\n\t\t\t\t\t\t\t<div class=\"elementor-toggle-item\">\n\t\t\t\t\t<div id=\"elementor-tab-title-1964\" class=\"elementor-tab-title\" data-tab=\"4\" role=\"button\" aria-controls=\"elementor-tab-content-1964\" aria-expanded=\"false\">\n\t\t\t\t\t\t\t\t\t\t\t\t<span class=\"elementor-toggle-icon elementor-toggle-icon-left\" aria-hidden=\"true\">\n\t\t\t\t\t\t\t\t\t\t\t\t\t\t\t<span class=\"elementor-toggle-icon-closed\"><i class=\"fas fa-caret-right\"><\/i><\/span>\n\t\t\t\t\t\t\t\t<span class=\"elementor-toggle-icon-opened\"><i class=\"elementor-toggle-icon-opened fas fa-caret-up\"><\/i><\/span>\n\t\t\t\t\t\t\t\t\t\t\t\t\t<\/span>\n\t\t\t\t\t\t\t\t\t\t\t\t<a class=\"elementor-toggle-title\" tabindex=\"0\">Poprad-Tatry Airport (TAT)<\/a>\n\t\t\t\t\t<\/div>\n\n\t\t\t\t\t<div id=\"elementor-tab-content-1964\" class=\"elementor-tab-content elementor-clearfix\" data-tab=\"4\" role=\"region\" aria-labelledby=\"elementor-tab-title-1964\"><p>This airport is located approx. 200 kilometers from B\u00fckkzs\u00e9rc. It offers flights to several European destinations and is especially popular with winter sports enthusiasts because of its proximity to the Tatra mountains. <\/p>\n<\/div>\n\t\t\t\t<\/div>\n\t\t\t\t\t\t\t\t<\/div>\n\t\t\t\t\t\t<\/div>\n\t\t\t\t<\/div>\n\t\t\t\t<\/div>\n\t\t\t\t<\/div>\n\t\t<div class=\"elementor-element elementor-element-29a5253 e-flex e-con-boxed e-con e-parent\" data-id=\"29a5253\" data-element_type=\"container\" data-e-type=\"container\" data-settings=\"{&quot;background_background&quot;:&quot;classic&quot;}\">\n\t\t\t\t\t<div class=\"e-con-inner\">\n\t\t\t\t<div class=\"elementor-element elementor-element-c2b115d elementor-widget elementor-widget-heading\" data-id=\"c2b115d\" data-element_type=\"widget\" data-e-type=\"widget\" data-widget_type=\"heading.default\">\n\t\t\t\t<div class=\"elementor-widget-container\">\n\t\t\t\t\t<h2 class=\"elementor-heading-title elementor-size-default\">SHUTTLE SERVICE<\/h2>\t\t\t\t<\/div>\n\t\t\t\t<\/div>\n\t\t<div class=\"elementor-element elementor-element-ecd2d5f e-con-full e-flex e-con e-child\" data-id=\"ecd2d5f\" data-element_type=\"container\" data-e-type=\"container\">\n\t\t\t\t<div class=\"elementor-element elementor-element-9667197 elementor-widget elementor-widget-text-editor\" data-id=\"9667197\" data-element_type=\"widget\" data-e-type=\"widget\" data-widget_type=\"text-editor.default\">\n\t\t\t\t<div class=\"elementor-widget-container\">\n\t\t\t\t\t\t\t\t\t<p>Would you rather not rent a car? Book our shuttle service on check-out and we&#8217;ll take care of the rest.  <\/p>\n\t\t\t\t\t\t\t\t<\/div>\n\t\t\t\t<\/div>\n\t\t\t\t<\/div>\n\t\t\t\t\t<\/div>\n\t\t\t\t<\/div>\n\t\t<div class=\"elementor-element elementor-element-77acd61c e-con-full e-flex e-con e-parent\" data-id=\"77acd61c\" data-element_type=\"container\" data-e-type=\"container\">\n\t\t<div class=\"elementor-element elementor-element-22f797c e-con-full e-flex e-con e-child\" data-id=\"22f797c\" data-element_type=\"container\" data-e-type=\"container\">\n\t\t\t\t<div class=\"elementor-element elementor-element-8f12f47 elementor-widget elementor-widget-heading\" data-id=\"8f12f47\" data-element_type=\"widget\" data-e-type=\"widget\" data-widget_type=\"heading.default\">\n\t\t\t\t<div class=\"elementor-widget-container\">\n\t\t\t\t\t<h2 class=\"elementor-heading-title elementor-size-default\">PLAN YOUR ROUTE<\/h2>\t\t\t\t<\/div>\n\t\t\t\t<\/div>\n\t\t\t\t<div class=\"elementor-element elementor-element-f2b8b97 elementor-widget elementor-widget-text-editor\" data-id=\"f2b8b97\" data-element_type=\"widget\" data-e-type=\"widget\" data-widget_type=\"text-editor.default\">\n\t\t\t\t<div class=\"elementor-widget-container\">\n\t\t\t\t\t\t\t\t\t<p style=\"text-align: center;\">Click the address below to plan your trip.<\/p>\n\t\t\t\t\t\t\t\t<\/div>\n\t\t\t\t<\/div>\n\t\t\t\t<div class=\"elementor-element elementor-element-134be2b2 elementor-widget elementor-widget-icon-box\" data-id=\"134be2b2\" data-element_type=\"widget\" data-e-type=\"widget\" data-widget_type=\"icon-box.default\">\n\t\t\t\t<div class=\"elementor-widget-container\">\n\t\t\t\t\t\t\t<div class=\"elementor-icon-box-wrapper\">\n\n\t\t\t\n\t\t\t\t\t\t<div class=\"elementor-icon-box-content\">\n\n\t\t\t\t\t\t\t\t\t<h2 class=\"elementor-icon-box-title\">\n\t\t\t\t\t\t<a href=\"https:\/\/www.google.com\/maps\/dir\/\/B%C3%BCkkzs%C3%A9rc+3414+Hongarije\/@47.9587559,20.5025627,17z\/data=!4m5!4m4!1m0!1m2!1m1!1s0x474090596ecd6f51:0xbb6cb778faa62cba\" >\n\t\t\t\t\t\t\tB\u00fckkzs\u00e9rc 3414, Hongarije\t\t\t\t\t\t<\/a>\n\t\t\t\t\t<\/h2>\n\t\t\t\t\n\t\t\t\t\n\t\t\t<\/div>\n\t\t\t\n\t\t<\/div>\n\t\t\t\t\t\t<\/div>\n\t\t\t\t<\/div>\n\t\t\t\t<\/div>\n\t\t<div class=\"elementor-element elementor-element-6ff8893c e-con-full e-flex e-con e-child\" data-id=\"6ff8893c\" data-element_type=\"container\" data-e-type=\"container\" data-settings=\"{&quot;background_background&quot;:&quot;classic&quot;}\">\n\t\t\t\t<div class=\"elementor-element elementor-element-4a7823e4 elementor-widget elementor-widget-google_maps\" data-id=\"4a7823e4\" data-element_type=\"widget\" data-e-type=\"widget\" data-widget_type=\"google_maps.default\">\n\t\t\t\t<div class=\"elementor-widget-container\">\n\t\t\t\t\t\t\t<div class=\"elementor-custom-embed\">\n\t\t\t<iframe loading=\"lazy\"\n\t\t\t\t\tsrc=\"https:\/\/www.google.com\/maps\/embed\/v1\/place?key=AIzaSyBbn5fCsZFGkKnWu3xvYw_Eeacpu7h4pGU&#038;q=Bukkszerc&#038;zoom=10\"\n\t\t\t\t\ttitle=\"Bukkszerc\"\n\t\t\t\t\taria-label=\"Bukkszerc\"\n\t\t\t><\/iframe>\n\t\t<\/div>\n\t\t\t\t\t\t<\/div>\n\t\t\t\t<\/div>\n\t\t\t\t<\/div>\n\t\t\t\t<\/div>\n\t\t\t\t<\/div>\n\t\t","protected":false},"excerpt":{"rendered":"<p>AIRPORTS AND ROUTE Our holiday home is located on the outskirts of the quiet Hungarian village of B\u00fckkzs\u00e9rc and is easily accessible by car and plane. AIRPORTS AND ROUTE Our holiday home is located on the outskirts of the quiet Hungarian village of B\u00fckkzs\u00e9rc and is easily accessible by car and plane. All locations The [&hellip;]<\/p>\n","protected":false},"author":1,"featured_media":0,"parent":0,"menu_order":0,"comment_status":"closed","ping_status":"closed","template":"elementor_header_footer","meta":{"footnotes":""},"class_list":["post-3948","page","type-page","status-publish","hentry"],"_links":{"self":[{"href":"https:\/\/themountaincottage.be\/en\/wp-json\/wp\/v2\/pages\/3948","targetHints":{"allow":["GET"]}}],"collection":[{"href":"https:\/\/themountaincottage.be\/en\/wp-json\/wp\/v2\/pages"}],"about":[{"href":"https:\/\/themountaincottage.be\/en\/wp-json\/wp\/v2\/types\/page"}],"author":[{"embeddable":true,"href":"https:\/\/themountaincottage.be\/en\/wp-json\/wp\/v2\/users\/1"}],"replies":[{"embeddable":true,"href":"https:\/\/themountaincottage.be\/en\/wp-json\/wp\/v2\/comments?post=3948"}],"version-history":[{"count":7,"href":"https:\/\/themountaincottage.be\/en\/wp-json\/wp\/v2\/pages\/3948\/revisions"}],"predecessor-version":[{"id":6534,"href":"https:\/\/themountaincottage.be\/en\/wp-json\/wp\/v2\/pages\/3948\/revisions\/6534"}],"wp:attachment":[{"href":"https:\/\/themountaincottage.be\/en\/wp-json\/wp\/v2\/media?parent=3948"}],"curies":[{"name":"wp","href":"https:\/\/api.w.org\/{rel}","templated":true}]}}