{"id":3966,"date":"2023-05-26T13:04:46","date_gmt":"2023-05-26T11:04:46","guid":{"rendered":"https:\/\/themountaincottage.be\/kik-vagyunk\/"},"modified":"2023-11-20T13:25:45","modified_gmt":"2023-11-20T12:25:45","slug":"kik-vagyunk","status":"publish","type":"page","link":"https:\/\/themountaincottage.be\/hu\/kik-vagyunk\/","title":{"rendered":"Kik vagyunk?"},"content":{"rendered":"\t\t<div data-elementor-type=\"wp-page\" data-elementor-id=\"3966\" class=\"elementor elementor-3966 elementor-34\" data-elementor-post-type=\"page\">\n\t\t\t\t<div class=\"elementor-element elementor-element-7a68364a e-con-full e-flex elementor-invisible e-con e-parent\" data-id=\"7a68364a\" data-element_type=\"container\" data-e-type=\"container\" data-settings=\"{&quot;animation&quot;:&quot;slideInLeft&quot;}\">\n\t\t<div class=\"elementor-element elementor-element-40303aa9 e-con-full e-flex e-con e-child\" data-id=\"40303aa9\" data-element_type=\"container\" data-e-type=\"container\">\n\t\t\t\t<div class=\"elementor-element elementor-element-1e3e8871 elementor-widget elementor-widget-heading\" data-id=\"1e3e8871\" data-element_type=\"widget\" data-e-type=\"widget\" data-widget_type=\"heading.default\">\n\t\t\t\t<div class=\"elementor-widget-container\">\n\t\t\t\t\t<h1 class=\"elementor-heading-title elementor-size-default\">R\u00f3lunk<\/h1>\t\t\t\t<\/div>\n\t\t\t\t<\/div>\n\t\t\t\t<div class=\"elementor-element elementor-element-6ac16205 elementor-widget elementor-widget-text-editor\" data-id=\"6ac16205\" data-element_type=\"widget\" data-e-type=\"widget\" data-widget_type=\"text-editor.default\">\n\t\t\t\t<div class=\"elementor-widget-container\">\n\t\t\t\t\t\t\t\t\t\n          <p class=\"MsoNormal\">\n            <span lang=\"NL-BE\" style=\"font-size: 12.0pt; font-family: 'Calibri',sans-serif; mso-ascii-theme-font: minor-latin; mso-hansi-theme-font: minor-latin; mso-bidi-theme-font: minor-latin; mso-ansi-language: NL-BE;\">A belga-magyar Borgers-Prok csal\u00e1d hossz\u00fa ideje Belgiumban dolgozik \u00e9s \u00e9l. A csal\u00e1d egy &nbsp;r\u00e9sze ma is Flandri\u00e1ban lakik, m\u00e1sik r\u00e9sze pedig B\u00fckkzs\u00e9rcen, Magyarorsz\u00e1gon. <\/span>\n          <\/p>\n          \n\n          <p class=\"MsoNormal\">\n            <span lang=\"NL-BE\" style=\"font-size: 12.0pt; font-family: 'Calibri',sans-serif; mso-ascii-theme-font: minor-latin; mso-hansi-theme-font: minor-latin; mso-bidi-theme-font: minor-latin; mso-ansi-language: NL-BE;\">A k\u00e9t kult\u00fara \u00e9rt\u00e9keit \u00f6tv\u00f6zve&nbsp; b\u00e1tran \u00e1ll\u00edthatjuk, hogy a k\u00e9t vil\u00e1g legjav\u00e1t felvonultat\u00f3 kis magyar paradicsomunkban kulin\u00e1ris, kultur\u00e1lis \u00e9s szabadid\u0151s t\u00e9ren is sokat tudunk ny\u00fajtani.<\/span>\n          <\/p>\n        \t\t\t\t\t\t\t\t<\/div>\n\t\t\t\t<\/div>\n\t\t\t\t<\/div>\n\t\t<div class=\"elementor-element elementor-element-52830fa9 e-con-full e-flex e-con e-child\" data-id=\"52830fa9\" data-element_type=\"container\" data-e-type=\"container\" data-settings=\"{&quot;background_background&quot;:&quot;classic&quot;}\">\n\t\t\t\t<div class=\"elementor-element elementor-element-6d715d90 elementor-widget elementor-widget-image\" data-id=\"6d715d90\" data-element_type=\"widget\" data-e-type=\"widget\" data-widget_type=\"image.default\">\n\t\t\t\t<div class=\"elementor-widget-container\">\n\t\t\t\t\t\t\t\t\t\t\t\t\t\t\t<img fetchpriority=\"high\" decoding=\"async\" width=\"800\" height=\"600\" src=\"https:\/\/themountaincottage.be\/wp-content\/uploads\/2023\/11\/18-1024x768.jpg\" class=\"attachment-large size-large wp-image-6462\" alt=\"\" srcset=\"https:\/\/themountaincottage.be\/wp-content\/uploads\/2023\/11\/18-1024x768.jpg 1024w, https:\/\/themountaincottage.be\/wp-content\/uploads\/2023\/11\/18-300x225.jpg 300w, https:\/\/themountaincottage.be\/wp-content\/uploads\/2023\/11\/18-768x576.jpg 768w, https:\/\/themountaincottage.be\/wp-content\/uploads\/2023\/11\/18-1536x1152.jpg 1536w, https:\/\/themountaincottage.be\/wp-content\/uploads\/2023\/11\/18-600x450.jpg 600w, https:\/\/themountaincottage.be\/wp-content\/uploads\/2023\/11\/18.jpg 2048w\" sizes=\"(max-width: 800px) 100vw, 800px\" \/>\t\t\t\t\t\t\t\t\t\t\t\t\t\t\t<\/div>\n\t\t\t\t<\/div>\n\t\t\t\t<\/div>\n\t\t\t\t<\/div>\n\t\t<div class=\"elementor-element elementor-element-1e4a5fe8 e-flex e-con-boxed e-con e-parent\" data-id=\"1e4a5fe8\" data-element_type=\"container\" data-e-type=\"container\" data-settings=\"{&quot;background_background&quot;:&quot;classic&quot;}\">\n\t\t\t\t\t<div class=\"e-con-inner\">\n\t\t<div class=\"elementor-element elementor-element-5a0817d6 e-con-full e-flex e-con e-child\" data-id=\"5a0817d6\" data-element_type=\"container\" data-e-type=\"container\">\n\t\t\t\t<div class=\"elementor-element elementor-element-1a9baad2 elementor-widget elementor-widget-image\" data-id=\"1a9baad2\" data-element_type=\"widget\" data-e-type=\"widget\" data-widget_type=\"image.default\">\n\t\t\t\t<div class=\"elementor-widget-container\">\n\t\t\t\t\t\t\t\t\t\t\t\t\t\t\t<img decoding=\"async\" width=\"800\" height=\"601\" src=\"https:\/\/themountaincottage.be\/wp-content\/uploads\/2023\/07\/Hans3.jpg\" class=\"attachment-large size-large wp-image-2957\" alt=\"\" srcset=\"https:\/\/themountaincottage.be\/wp-content\/uploads\/2023\/07\/Hans3.jpg 960w, https:\/\/themountaincottage.be\/wp-content\/uploads\/2023\/07\/Hans3-300x225.jpg 300w, https:\/\/themountaincottage.be\/wp-content\/uploads\/2023\/07\/Hans3-768x577.jpg 768w, https:\/\/themountaincottage.be\/wp-content\/uploads\/2023\/07\/Hans3-600x451.jpg 600w\" sizes=\"(max-width: 800px) 100vw, 800px\" \/>\t\t\t\t\t\t\t\t\t\t\t\t\t\t\t<\/div>\n\t\t\t\t<\/div>\n\t\t\t\t<\/div>\n\t\t<div class=\"elementor-element elementor-element-5045be19 e-con-full e-flex e-con e-child\" data-id=\"5045be19\" data-element_type=\"container\" data-e-type=\"container\">\n\t\t\t\t<div class=\"elementor-element elementor-element-5fde4262 elementor-widget elementor-widget-heading\" data-id=\"5fde4262\" data-element_type=\"widget\" data-e-type=\"widget\" data-widget_type=\"heading.default\">\n\t\t\t\t<div class=\"elementor-widget-container\">\n\t\t\t\t\t<h2 class=\"elementor-heading-title elementor-size-default\">Prok Beatrix &amp; Borgers Hans<\/h2>\t\t\t\t<\/div>\n\t\t\t\t<\/div>\n\t\t\t\t<div class=\"elementor-element elementor-element-60c2b118 elementor-widget elementor-widget-text-editor\" data-id=\"60c2b118\" data-element_type=\"widget\" data-e-type=\"widget\" data-widget_type=\"text-editor.default\">\n\t\t\t\t<div class=\"elementor-widget-container\">\n\t\t\t\t\t\t\t\t\t\n          <p>A h\u00e1z tulajdonosai Beatrix \u00e9s Hans, mindketten egykori \u00e9lsportol\u00f3k, akik a magyarorsz\u00e1gi kis faluban tal\u00e1ltak nyugalmat, egy helyet ebben a stresszes vil\u00e1gban, ahov\u00e1 b\u00e1rmikor visszat\u00e9rhetnek a nyugalomhoz \u00e9s az emberi \u00e9let \u00e9rt\u00e9kes alapjaihoz.<\/p>\n          \n\n          <p>A csal\u00e1d most megnyitja ezt a kis f\u00f6ldi nyugalmat a vend\u00e9gek el\u0151tt, akik szeretetteljes fogadtat\u00e1sra \u00e9s bar\u00e1ts\u00e1gos k\u00f6rnyezetre sz\u00e1m\u00edthatnak, ahol folyamatosan biztos\u00edtani szeretn\u00e9nk, hogy \u00d6n\u00f6k felejthetetlen\u00fcl \u00e9rezz\u00e9k magukat.<\/p>\n        \t\t\t\t\t\t\t\t<\/div>\n\t\t\t\t<\/div>\n\t\t\t\t<\/div>\n\t\t\t\t\t<\/div>\n\t\t\t\t<\/div>\n\t\t<div class=\"elementor-element elementor-element-17df8265 e-flex e-con-boxed e-con e-parent\" data-id=\"17df8265\" data-element_type=\"container\" data-e-type=\"container\">\n\t\t\t\t\t<div class=\"e-con-inner\">\n\t\t<div class=\"elementor-element elementor-element-d2f79d7 e-con-full e-flex e-con e-child\" data-id=\"d2f79d7\" data-element_type=\"container\" data-e-type=\"container\">\n\t\t\t\t<div class=\"elementor-element elementor-element-3f772d3f elementor-widget elementor-widget-heading\" data-id=\"3f772d3f\" data-element_type=\"widget\" data-e-type=\"widget\" data-widget_type=\"heading.default\">\n\t\t\t\t<div class=\"elementor-widget-container\">\n\t\t\t\t\t<h2 class=\"elementor-heading-title elementor-size-default\">Szil\u00e1gyi P\u00e9ter<\/h2>\t\t\t\t<\/div>\n\t\t\t\t<\/div>\n\t\t\t\t<div class=\"elementor-element elementor-element-34a966f7 elementor-widget elementor-widget-text-editor\" data-id=\"34a966f7\" data-element_type=\"widget\" data-e-type=\"widget\" data-widget_type=\"text-editor.default\">\n\t\t\t\t<div class=\"elementor-widget-container\">\n\t\t\t\t\t\t\t\t\t<p>P\u00e9ter t\u00f6bbek k\u00f6z\u00f6tt az Auberge De Pecheur-ben (Belgium \/ Sint-Martens-Latem), a Casino Knokke-ban (Belgium \/ Knokke) \u00e9s a Kitchenart-ban (Belgium \/ De Pinte) szerzett kiv\u00e1l\u00f3 nyugat-eur\u00f3pai gasztron\u00f3miai tapasztalatokat.<\/p>\n<p>Els\u0151 oszt\u00e1ly\u00fa szak\u00e1cs, aki a kertj\u00e9ben termelt, bio helyi magyar term\u00e9keket \u00e9p\u00edt be konyh\u00e1j\u00e1ba. Peti emellett szakk\u00e9pzett vad\u00e1sz \u00e9s gombaszak\u00e9rt\u0151 is egyben. <\/p>\n<p>Tapasztalat\u00e1nak \u00e9s szenved\u00e9ly\u00e9nek profi kombin\u00e1ci\u00f3ja mindig finom \u00e9teleket biztos\u00edt.<\/p><\/p>\n\t\t\t\t\t\t\t\t<\/div>\n\t\t\t\t<\/div>\n\t\t\t\t<\/div>\n\t\t<div class=\"elementor-element elementor-element-ff97177 e-con-full e-flex e-con e-child\" data-id=\"ff97177\" data-element_type=\"container\" data-e-type=\"container\">\n\t\t\t\t<div class=\"elementor-element elementor-element-7acdec10 elementor-widget elementor-widget-image\" data-id=\"7acdec10\" data-element_type=\"widget\" data-e-type=\"widget\" data-widget_type=\"image.default\">\n\t\t\t\t<div class=\"elementor-widget-container\">\n\t\t\t\t\t\t\t\t\t\t\t\t\t\t\t<img decoding=\"async\" width=\"768\" height=\"1024\" src=\"https:\/\/themountaincottage.be\/wp-content\/uploads\/2023\/07\/Peti-4.jpg\" class=\"attachment-large size-large wp-image-3272\" alt=\"\" srcset=\"https:\/\/themountaincottage.be\/wp-content\/uploads\/2023\/07\/Peti-4.jpg 768w, https:\/\/themountaincottage.be\/wp-content\/uploads\/2023\/07\/Peti-4-225x300.jpg 225w, https:\/\/themountaincottage.be\/wp-content\/uploads\/2023\/07\/Peti-4-600x800.jpg 600w\" sizes=\"(max-width: 768px) 100vw, 768px\" \/>\t\t\t\t\t\t\t\t\t\t\t\t\t\t\t<\/div>\n\t\t\t\t<\/div>\n\t\t\t\t<\/div>\n\t\t\t\t\t<\/div>\n\t\t\t\t<\/div>\n\t\t<div class=\"elementor-element elementor-element-1eaeef64 e-flex e-con-boxed e-con e-parent\" data-id=\"1eaeef64\" data-element_type=\"container\" data-e-type=\"container\" data-settings=\"{&quot;background_background&quot;:&quot;classic&quot;}\">\n\t\t\t\t\t<div class=\"e-con-inner\">\n\t\t<div class=\"elementor-element elementor-element-365cd118 e-con-full e-flex e-con e-child\" data-id=\"365cd118\" data-element_type=\"container\" data-e-type=\"container\">\n\t\t\t\t<div class=\"elementor-element elementor-element-6939c6a7 elementor-widget elementor-widget-image\" data-id=\"6939c6a7\" data-element_type=\"widget\" data-e-type=\"widget\" data-widget_type=\"image.default\">\n\t\t\t\t<div class=\"elementor-widget-container\">\n\t\t\t\t\t\t\t\t\t\t\t\t\t\t\t<img loading=\"lazy\" decoding=\"async\" width=\"800\" height=\"600\" src=\"https:\/\/themountaincottage.be\/wp-content\/uploads\/2023\/07\/Zita-en-Ibolya-4.jpg\" class=\"attachment-large size-large wp-image-3277\" alt=\"\" srcset=\"https:\/\/themountaincottage.be\/wp-content\/uploads\/2023\/07\/Zita-en-Ibolya-4.jpg 1024w, https:\/\/themountaincottage.be\/wp-content\/uploads\/2023\/07\/Zita-en-Ibolya-4-300x225.jpg 300w, https:\/\/themountaincottage.be\/wp-content\/uploads\/2023\/07\/Zita-en-Ibolya-4-768x576.jpg 768w, https:\/\/themountaincottage.be\/wp-content\/uploads\/2023\/07\/Zita-en-Ibolya-4-600x450.jpg 600w\" sizes=\"(max-width: 800px) 100vw, 800px\" \/>\t\t\t\t\t\t\t\t\t\t\t\t\t\t\t<\/div>\n\t\t\t\t<\/div>\n\t\t\t\t<\/div>\n\t\t<div class=\"elementor-element elementor-element-5695ea71 e-con-full e-flex e-con e-child\" data-id=\"5695ea71\" data-element_type=\"container\" data-e-type=\"container\">\n\t\t\t\t<div class=\"elementor-element elementor-element-28f85070 elementor-widget elementor-widget-heading\" data-id=\"28f85070\" data-element_type=\"widget\" data-e-type=\"widget\" data-widget_type=\"heading.default\">\n\t\t\t\t<div class=\"elementor-widget-container\">\n\t\t\t\t\t<h2 class=\"elementor-heading-title elementor-size-default\">Ibolya Prok &amp; Zita Majn\u00e1r<\/h2>\t\t\t\t<\/div>\n\t\t\t\t<\/div>\n\t\t\t\t<div class=\"elementor-element elementor-element-48abe4 elementor-widget elementor-widget-text-editor\" data-id=\"48abe4\" data-element_type=\"widget\" data-e-type=\"widget\" data-widget_type=\"text-editor.default\">\n\t\t\t\t<div class=\"elementor-widget-container\">\n\t\t\t\t\t\t\t\t\t<p>Ibolya \u00e9s Zita a vend\u00e9gl\u00e1t\u00e1sban rendelkeznek sok \u00e9ves tapasztalattal, t\u00f6bbek k\u00f6z\u00f6tt a Metro Holding Hungary ZRT, a Golf Club Sint-Martens-Latem (Belgium) \u00e9s a Hotel Reserve Knokke (Belgium) \u00e1ltal.<\/p>\n\t\t\t\t\t\t\t\t<\/div>\n\t\t\t\t<\/div>\n\t\t\t\t<\/div>\n\t\t\t\t\t<\/div>\n\t\t\t\t<\/div>\n\t\t<div class=\"elementor-element elementor-element-46dc30f3 e-flex e-con-boxed e-con e-parent\" data-id=\"46dc30f3\" data-element_type=\"container\" data-e-type=\"container\">\n\t\t\t\t\t<div class=\"e-con-inner\">\n\t\t\t\t<div class=\"elementor-element elementor-element-1bdfd2ae elementor-widget elementor-widget-heading\" data-id=\"1bdfd2ae\" data-element_type=\"widget\" data-e-type=\"widget\" data-widget_type=\"heading.default\">\n\t\t\t\t<div class=\"elementor-widget-container\">\n\t\t\t\t\t<h3 class=\"elementor-heading-title elementor-size-default\">Szeretne t\u00f6bbet megtudni csapatunkr\u00f3l?<\/h3>\t\t\t\t<\/div>\n\t\t\t\t<\/div>\n\t\t\t\t<div class=\"elementor-element elementor-element-5404493c elementor-widget elementor-widget-text-editor\" data-id=\"5404493c\" data-element_type=\"widget\" data-e-type=\"widget\" data-widget_type=\"text-editor.default\">\n\t\t\t\t<div class=\"elementor-widget-container\">\n\t\t\t\t\t\t\t\t\t<p>Kattintson ide, ha szeretne j\u00f3 benyom\u00e1st szerezni csapatunkr\u00f3l.<\/p>\n\t\t\t\t\t\t\t\t<\/div>\n\t\t\t\t<\/div>\n\t\t\t\t<div class=\"elementor-element elementor-element-67ace682 elementor-align-center elementor-widget elementor-widget-button\" data-id=\"67ace682\" data-element_type=\"widget\" data-e-type=\"widget\" data-widget_type=\"button.default\">\n\t\t\t\t<div class=\"elementor-widget-container\">\n\t\t\t\t\t\t\t\t\t<div class=\"elementor-button-wrapper\">\n\t\t\t\t\t<a class=\"elementor-button elementor-button-link elementor-size-sm\" href=\"#elementor-action%3Aaction%3Dpopup%3Aopen%26settings%3DeyJpZCI6NjE2MSwidG9nZ2xlIjpmYWxzZX0%3D\">\n\t\t\t\t\t\t<span class=\"elementor-button-content-wrapper\">\n\t\t\t\t\t\t\t\t\t<span class=\"elementor-button-text\">F\u00e9nyk\u00e9pek megtekint\u00e9se<\/span>\n\t\t\t\t\t<\/span>\n\t\t\t\t\t<\/a>\n\t\t\t\t<\/div>\n\t\t\t\t\t\t\t\t<\/div>\n\t\t\t\t<\/div>\n\t\t\t\t<div class=\"elementor-element elementor-element-6a52fa8 elementor-widget elementor-widget-spacer\" data-id=\"6a52fa8\" data-element_type=\"widget\" data-e-type=\"widget\" data-widget_type=\"spacer.default\">\n\t\t\t\t<div class=\"elementor-widget-container\">\n\t\t\t\t\t\t\t<div class=\"elementor-spacer\">\n\t\t\t<div class=\"elementor-spacer-inner\"><\/div>\n\t\t<\/div>\n\t\t\t\t\t\t<\/div>\n\t\t\t\t<\/div>\n\t\t\t\t\t<\/div>\n\t\t\t\t<\/div>\n\t\t\t\t<\/div>\n\t\t","protected":false},"excerpt":{"rendered":"<p>R\u00f3lunk A belga-magyar Borgers-Prok csal\u00e1d hossz\u00fa ideje Belgiumban dolgozik \u00e9s \u00e9l. A csal\u00e1d egy &nbsp;r\u00e9sze ma is Flandri\u00e1ban lakik, m\u00e1sik r\u00e9sze pedig B\u00fckkzs\u00e9rcen, Magyarorsz\u00e1gon. A k\u00e9t kult\u00fara \u00e9rt\u00e9keit \u00f6tv\u00f6zve&nbsp; b\u00e1tran \u00e1ll\u00edthatjuk, hogy a k\u00e9t vil\u00e1g legjav\u00e1t felvonultat\u00f3 kis magyar paradicsomunkban kulin\u00e1ris, kultur\u00e1lis \u00e9s szabadid\u0151s t\u00e9ren is sokat tudunk ny\u00fajtani. Prok Beatrix &amp; Borgers Hans A [&hellip;]<\/p>\n","protected":false},"author":1,"featured_media":0,"parent":0,"menu_order":0,"comment_status":"closed","ping_status":"closed","template":"elementor_header_footer","meta":{"footnotes":""},"class_list":["post-3966","page","type-page","status-publish","hentry"],"_links":{"self":[{"href":"https:\/\/themountaincottage.be\/hu\/wp-json\/wp\/v2\/pages\/3966","targetHints":{"allow":["GET"]}}],"collection":[{"href":"https:\/\/themountaincottage.be\/hu\/wp-json\/wp\/v2\/pages"}],"about":[{"href":"https:\/\/themountaincottage.be\/hu\/wp-json\/wp\/v2\/types\/page"}],"author":[{"embeddable":true,"href":"https:\/\/themountaincottage.be\/hu\/wp-json\/wp\/v2\/users\/1"}],"replies":[{"embeddable":true,"href":"https:\/\/themountaincottage.be\/hu\/wp-json\/wp\/v2\/comments?post=3966"}],"version-history":[{"count":12,"href":"https:\/\/themountaincottage.be\/hu\/wp-json\/wp\/v2\/pages\/3966\/revisions"}],"predecessor-version":[{"id":6709,"href":"https:\/\/themountaincottage.be\/hu\/wp-json\/wp\/v2\/pages\/3966\/revisions\/6709"}],"wp:attachment":[{"href":"https:\/\/themountaincottage.be\/hu\/wp-json\/wp\/v2\/media?parent=3966"}],"curies":[{"name":"wp","href":"https:\/\/api.w.org\/{rel}","templated":true}]}}