{"id":4232,"date":"2023-05-23T09:00:14","date_gmt":"2023-05-23T07:00:14","guid":{"rendered":"https:\/\/themountaincottage.be\/adatvedelmi-iranyelvek\/"},"modified":"2023-10-07T19:42:22","modified_gmt":"2023-10-07T17:42:22","slug":"adatvedelmi-iranyelvek","status":"publish","type":"page","link":"https:\/\/themountaincottage.be\/hu\/adatvedelmi-iranyelvek\/","title":{"rendered":"Adatv\u00e9delmi ir\u00e1nyelvek"},"content":{"rendered":"\t\t<div data-elementor-type=\"wp-page\" data-elementor-id=\"4232\" class=\"elementor elementor-4232 elementor-3\" data-elementor-post-type=\"page\">\n\t\t\t\t<div class=\"elementor-element elementor-element-6f53cc5b e-con-full animated-slow Header-mobile elementor-hidden-desktop e-flex e-con e-parent\" data-id=\"6f53cc5b\" data-element_type=\"container\" data-e-type=\"container\" id=\"Header-mobile\" data-settings=\"{&quot;animation&quot;:&quot;none&quot;,&quot;background_background&quot;:&quot;classic&quot;,&quot;animation_mobile&quot;:&quot;fadeIn&quot;}\">\n\t\t<div class=\"elementor-element elementor-element-20ea3c1a e-con-full e-flex elementor-invisible e-con e-parent\" data-id=\"20ea3c1a\" data-element_type=\"container\" data-e-type=\"container\" data-settings=\"{&quot;background_background&quot;:&quot;classic&quot;,&quot;animation&quot;:&quot;fadeInRight&quot;}\">\n\t\t\t\t<div class=\"elementor-element elementor-element-2be92579 elementor-widget elementor-widget-heading\" data-id=\"2be92579\" data-element_type=\"widget\" data-e-type=\"widget\" data-widget_type=\"heading.default\">\n\t\t\t\t<div class=\"elementor-widget-container\">\n\t\t\t\t\t<h2 class=\"elementor-heading-title elementor-size-default\">S\u00fctiszab\u00e1lyzat \u00e9s Adatv\u00e9delmi ir\u00e1nyelvek<\/h2>\t\t\t\t<\/div>\n\t\t\t\t<\/div>\n\t\t\t\t<div class=\"elementor-element elementor-element-2bede65b elementor-widget__width-initial elementor-widget elementor-widget-text-editor\" data-id=\"2bede65b\" data-element_type=\"widget\" data-e-type=\"widget\" data-widget_type=\"text-editor.default\">\n\t\t\t\t<div class=\"elementor-widget-container\">\n\t\t\t\t\t\t\t\t\t<p>Itt tal\u00e1lhatja S\u00fctiszab\u00e1lyzatunkat \u00e9s Adatv\u00e9delmi ir\u00e1nyelveinket Ha k\u00e9rd\u00e9se mer\u00fcl fel, k\u00e9rj\u00fck forduljon hozz\u00e1nk bizalommal.<\/p>\n\t\t\t\t\t\t\t\t<\/div>\n\t\t\t\t<\/div>\n\t\t\t\t<\/div>\n\t\t\t\t<\/div>\n\t\t<div class=\"elementor-element elementor-element-721037de e-con-full animated-slow elementor-hidden-tablet elementor-hidden-mobile e-flex elementor-invisible e-con e-parent\" data-id=\"721037de\" data-element_type=\"container\" data-e-type=\"container\" data-settings=\"{&quot;background_background&quot;:&quot;classic&quot;,&quot;animation&quot;:&quot;fadeInLeft&quot;}\">\n\t\t<div class=\"elementor-element elementor-element-6ffd7d43 e-con-full e-flex elementor-invisible e-con e-parent\" data-id=\"6ffd7d43\" data-element_type=\"container\" data-e-type=\"container\" data-settings=\"{&quot;background_background&quot;:&quot;classic&quot;,&quot;animation&quot;:&quot;fadeInRight&quot;}\">\n\t\t\t\t<div class=\"elementor-element elementor-element-3245febc elementor-widget elementor-widget-heading\" data-id=\"3245febc\" data-element_type=\"widget\" data-e-type=\"widget\" data-widget_type=\"heading.default\">\n\t\t\t\t<div class=\"elementor-widget-container\">\n\t\t\t\t\t<h2 class=\"elementor-heading-title elementor-size-default\">S\u00fctiszab\u00e1lyzat \u00e9s Adatv\u00e9delmi ir\u00e1nyelvek<\/h2>\t\t\t\t<\/div>\n\t\t\t\t<\/div>\n\t\t\t\t<div class=\"elementor-element elementor-element-2cf6adab elementor-widget__width-initial elementor-widget elementor-widget-text-editor\" data-id=\"2cf6adab\" data-element_type=\"widget\" data-e-type=\"widget\" data-widget_type=\"text-editor.default\">\n\t\t\t\t<div class=\"elementor-widget-container\">\n\t\t\t\t\t\t\t\t\t<p>Itt tal\u00e1lhatja S\u00fctiszab\u00e1lyzatunkat \u00e9s Adatv\u00e9delmi ir\u00e1nyelveinket Ha k\u00e9rd\u00e9se mer\u00fcl fel, k\u00e9rj\u00fck forduljon hozz\u00e1nk bizalommal.<\/p>\n\t\t\t\t\t\t\t\t<\/div>\n\t\t\t\t<\/div>\n\t\t<div class=\"elementor-element elementor-element-0be30b5 e-con-full e-flex e-con e-parent\" data-id=\"0be30b5\" data-element_type=\"container\" data-e-type=\"container\">\n\t\t\t\t<div class=\"elementor-element elementor-element-781e703a elementor-align-center elementor-widget elementor-widget-button\" data-id=\"781e703a\" data-element_type=\"widget\" data-e-type=\"widget\" data-widget_type=\"button.default\">\n\t\t\t\t<div class=\"elementor-widget-container\">\n\t\t\t\t\t\t\t\t\t<div class=\"elementor-button-wrapper\">\n\t\t\t\t\t<a class=\"elementor-button elementor-button-link elementor-size-sm\" href=\"#s\u00fctiszab\u00e1lyzat\">\n\t\t\t\t\t\t<span class=\"elementor-button-content-wrapper\">\n\t\t\t\t\t\t\t\t\t<span class=\"elementor-button-text\">S\u00fctiszab\u00e1lyzat<\/span>\n\t\t\t\t\t<\/span>\n\t\t\t\t\t<\/a>\n\t\t\t\t<\/div>\n\t\t\t\t\t\t\t\t<\/div>\n\t\t\t\t<\/div>\n\t\t\t\t<div class=\"elementor-element elementor-element-1eb0dd5 elementor-align-center elementor-widget elementor-widget-button\" data-id=\"1eb0dd5\" data-element_type=\"widget\" data-e-type=\"widget\" data-widget_type=\"button.default\">\n\t\t\t\t<div class=\"elementor-widget-container\">\n\t\t\t\t\t\t\t\t\t<div class=\"elementor-button-wrapper\">\n\t\t\t\t\t<a class=\"elementor-button elementor-button-link elementor-size-sm\" href=\"#adatv\u00e9delmi%20ir\u00e1nyelvek\u200b\">\n\t\t\t\t\t\t<span class=\"elementor-button-content-wrapper\">\n\t\t\t\t\t\t\t\t\t<span class=\"elementor-button-text\">Adatv\u00e9delmi ir\u00e1nyelvek<\/span>\n\t\t\t\t\t<\/span>\n\t\t\t\t\t<\/a>\n\t\t\t\t<\/div>\n\t\t\t\t\t\t\t\t<\/div>\n\t\t\t\t<\/div>\n\t\t\t\t<\/div>\n\t\t\t\t<\/div>\n\t\t\t\t<\/div>\n\t\t\t\t<section class=\"elementor-section elementor-top-section elementor-element elementor-element-58f3b59b elementor-section-boxed elementor-section-height-default elementor-section-height-default\" data-id=\"58f3b59b\" data-element_type=\"section\" data-e-type=\"section\">\n\t\t\t\t\t\t<div class=\"elementor-container elementor-column-gap-default\">\n\t\t\t\t\t<div class=\"elementor-column elementor-col-100 elementor-top-column elementor-element elementor-element-c1035ce\" data-id=\"c1035ce\" data-element_type=\"column\" data-e-type=\"column\">\n\t\t\t<div class=\"elementor-widget-wrap elementor-element-populated\">\n\t\t\t\t\t\t<div class=\"elementor-element elementor-element-89d4b4f elementor-widget elementor-widget-heading\" data-id=\"89d4b4f\" data-element_type=\"widget\" data-e-type=\"widget\" id=\"cookiebeleid\" data-widget_type=\"heading.default\">\n\t\t\t\t<div class=\"elementor-widget-container\">\n\t\t\t\t\t<h2 class=\"elementor-heading-title elementor-size-default\">S\u00fctiszab\u00e1lyzat<\/h2>\t\t\t\t<\/div>\n\t\t\t\t<\/div>\n\t\t\t\t<div class=\"elementor-element elementor-element-b367378 elementor-widget elementor-widget-shortcode\" data-id=\"b367378\" data-element_type=\"widget\" data-e-type=\"widget\" data-widget_type=\"shortcode.default\">\n\t\t\t\t<div class=\"elementor-widget-container\">\n\t\t\t\t\t\t\t<div class=\"elementor-shortcode\">\n          [cmplz-document type=\"cookie-statement\" region=\"eu\"]\n        <\/div>\n\t\t\t\t\t\t<\/div>\n\t\t\t\t<\/div>\n\t\t\t\t\t<\/div>\n\t\t<\/div>\n\t\t\t\t\t<\/div>\n\t\t<\/section>\n\t\t<div class=\"elementor-element elementor-element-b7ed94a e-flex e-con-boxed e-con e-parent\" data-id=\"b7ed94a\" data-element_type=\"container\" data-e-type=\"container\" id=\"#privacypolicy\u200b\" data-settings=\"{&quot;background_background&quot;:&quot;classic&quot;}\">\n\t\t\t\t\t<div class=\"e-con-inner\">\n\t\t\t\t<div class=\"elementor-element elementor-element-7d97d2c elementor-widget elementor-widget-spacer\" data-id=\"7d97d2c\" data-element_type=\"widget\" data-e-type=\"widget\" data-widget_type=\"spacer.default\">\n\t\t\t\t<div class=\"elementor-widget-container\">\n\t\t\t\t\t\t\t<div class=\"elementor-spacer\">\n\t\t\t<div class=\"elementor-spacer-inner\"><\/div>\n\t\t<\/div>\n\t\t\t\t\t\t<\/div>\n\t\t\t\t<\/div>\n\t\t\t\t<div class=\"elementor-element elementor-element-a5fd2ae elementor-widget elementor-widget-heading\" data-id=\"a5fd2ae\" data-element_type=\"widget\" data-e-type=\"widget\" data-widget_type=\"heading.default\">\n\t\t\t\t<div class=\"elementor-widget-container\">\n\t\t\t\t\t<h2 class=\"elementor-heading-title elementor-size-default\">Adatv\u00e9delmi ir\u00e1nyelvek<\/h2>\t\t\t\t<\/div>\n\t\t\t\t<\/div>\n\t\t\t\t<div class=\"elementor-element elementor-element-6cc84d3 elementor-widget elementor-widget-shortcode\" data-id=\"6cc84d3\" data-element_type=\"widget\" data-e-type=\"widget\" data-widget_type=\"shortcode.default\">\n\t\t\t\t<div class=\"elementor-widget-container\">\n\t\t\t\t\t\t\t<div class=\"elementor-shortcode\">\n          [cmplz-document type=\"privacy-statement\" region=\"eu\"]\n        <\/div>\n\t\t\t\t\t\t<\/div>\n\t\t\t\t<\/div>\n\t\t\t\t\t<\/div>\n\t\t\t\t<\/div>\n\t\t\t\t<\/div>\n\t\t","protected":false},"excerpt":{"rendered":"<p>S\u00fctiszab\u00e1lyzat \u00e9s Adatv\u00e9delmi ir\u00e1nyelvek Itt tal\u00e1lhatja S\u00fctiszab\u00e1lyzatunkat \u00e9s Adatv\u00e9delmi ir\u00e1nyelveinket Ha k\u00e9rd\u00e9se mer\u00fcl fel, k\u00e9rj\u00fck forduljon hozz\u00e1nk bizalommal. S\u00fctiszab\u00e1lyzat \u00e9s Adatv\u00e9delmi ir\u00e1nyelvek Itt tal\u00e1lhatja S\u00fctiszab\u00e1lyzatunkat \u00e9s Adatv\u00e9delmi ir\u00e1nyelveinket Ha k\u00e9rd\u00e9se mer\u00fcl fel, k\u00e9rj\u00fck forduljon hozz\u00e1nk bizalommal. S\u00fctiszab\u00e1lyzat Adatv\u00e9delmi ir\u00e1nyelvek S\u00fctiszab\u00e1lyzat [cmplz-document type=&#8221;cookie-statement&#8221; region=&#8221;eu&#8221;] Adatv\u00e9delmi ir\u00e1nyelvek [cmplz-document type=&#8221;privacy-statement&#8221; region=&#8221;eu&#8221;]<\/p>\n","protected":false},"author":1,"featured_media":0,"parent":0,"menu_order":0,"comment_status":"closed","ping_status":"closed","template":"elementor_header_footer","meta":{"footnotes":""},"class_list":["post-4232","page","type-page","status-publish","hentry"],"_links":{"self":[{"href":"https:\/\/themountaincottage.be\/hu\/wp-json\/wp\/v2\/pages\/4232","targetHints":{"allow":["GET"]}}],"collection":[{"href":"https:\/\/themountaincottage.be\/hu\/wp-json\/wp\/v2\/pages"}],"about":[{"href":"https:\/\/themountaincottage.be\/hu\/wp-json\/wp\/v2\/types\/page"}],"author":[{"embeddable":true,"href":"https:\/\/themountaincottage.be\/hu\/wp-json\/wp\/v2\/users\/1"}],"replies":[{"embeddable":true,"href":"https:\/\/themountaincottage.be\/hu\/wp-json\/wp\/v2\/comments?post=4232"}],"version-history":[{"count":4,"href":"https:\/\/themountaincottage.be\/hu\/wp-json\/wp\/v2\/pages\/4232\/revisions"}],"predecessor-version":[{"id":4236,"href":"https:\/\/themountaincottage.be\/hu\/wp-json\/wp\/v2\/pages\/4232\/revisions\/4236"}],"wp:attachment":[{"href":"https:\/\/themountaincottage.be\/hu\/wp-json\/wp\/v2\/media?parent=4232"}],"curies":[{"name":"wp","href":"https:\/\/api.w.org\/{rel}","templated":true}]}}