{"id":6094,"date":"2023-05-26T13:06:12","date_gmt":"2023-05-26T11:06:12","guid":{"rendered":"https:\/\/themountaincottage.be\/repuloterek-es-megkozelithetoseg\/"},"modified":"2023-11-14T10:27:52","modified_gmt":"2023-11-14T09:27:52","slug":"repuloterek-es-megkozelithetoseg","status":"publish","type":"page","link":"https:\/\/themountaincottage.be\/hu\/repuloterek-es-megkozelithetoseg\/","title":{"rendered":"Rep\u00fcl\u0151terek \u00e9s megk\u00f6zel\u00edthet\u0151s\u00e9g"},"content":{"rendered":"\t\t<div data-elementor-type=\"wp-page\" data-elementor-id=\"6094\" class=\"elementor elementor-6094 elementor-40\" data-elementor-post-type=\"page\">\n\t\t\t\t<div class=\"elementor-element elementor-element-1a541e93 e-con-full animated-slow elementor-hidden-tablet elementor-hidden-mobile e-flex e-con e-parent\" data-id=\"1a541e93\" data-element_type=\"container\" data-e-type=\"container\" data-settings=\"{&quot;animation&quot;:&quot;none&quot;}\">\n\t\t<div class=\"elementor-element elementor-element-61dd2a1b e-con-full e-flex elementor-invisible e-con e-child\" data-id=\"61dd2a1b\" data-element_type=\"container\" data-e-type=\"container\" data-settings=\"{&quot;animation&quot;:&quot;fadeInLeft&quot;}\">\n\t\t\t\t<div class=\"elementor-element elementor-element-771fd03d elementor-widget elementor-widget-image\" data-id=\"771fd03d\" data-element_type=\"widget\" data-e-type=\"widget\" data-widget_type=\"image.default\">\n\t\t\t\t<div class=\"elementor-widget-container\">\n\t\t\t\t\t\t\t\t\t\t\t\t\t\t\t<img fetchpriority=\"high\" decoding=\"async\" width=\"800\" height=\"533\" src=\"https:\/\/themountaincottage.be\/wp-content\/uploads\/2023\/06\/Uitzicht-5-1024x682.jpg\" class=\"attachment-large size-large wp-image-1059\" alt=\"\" srcset=\"https:\/\/themountaincottage.be\/wp-content\/uploads\/2023\/06\/Uitzicht-5-1024x682.jpg 1024w, https:\/\/themountaincottage.be\/wp-content\/uploads\/2023\/06\/Uitzicht-5-300x200.jpg 300w, https:\/\/themountaincottage.be\/wp-content\/uploads\/2023\/06\/Uitzicht-5-768x512.jpg 768w, https:\/\/themountaincottage.be\/wp-content\/uploads\/2023\/06\/Uitzicht-5-1536x1023.jpg 1536w, https:\/\/themountaincottage.be\/wp-content\/uploads\/2023\/06\/Uitzicht-5-600x400.jpg 600w, https:\/\/themountaincottage.be\/wp-content\/uploads\/2023\/06\/Uitzicht-5.jpg 1600w\" sizes=\"(max-width: 800px) 100vw, 800px\" \/>\t\t\t\t\t\t\t\t\t\t\t\t\t\t\t<\/div>\n\t\t\t\t<\/div>\n\t\t\t\t<\/div>\n\t\t<div class=\"elementor-element elementor-element-735c02dc e-con-full e-flex elementor-invisible e-con e-child\" data-id=\"735c02dc\" data-element_type=\"container\" data-e-type=\"container\" data-settings=\"{&quot;background_background&quot;:&quot;classic&quot;,&quot;animation&quot;:&quot;fadeInRight&quot;}\">\n\t\t\t\t<div class=\"elementor-element elementor-element-28a4bd8 elementor-widget elementor-widget-heading\" data-id=\"28a4bd8\" data-element_type=\"widget\" data-e-type=\"widget\" data-widget_type=\"heading.default\">\n\t\t\t\t<div class=\"elementor-widget-container\">\n\t\t\t\t\t<h2 class=\"elementor-heading-title elementor-size-default\">REP\u00dcL\u0150TEREK \u00c9S MEGK\u00d6ZE\u00cdTHET\u0150S\u00c9G<\/h2>\t\t\t\t<\/div>\n\t\t\t\t<\/div>\n\t\t\t\t<div class=\"elementor-element elementor-element-4c62cb6c elementor-widget__width-initial elementor-widget elementor-widget-text-editor\" data-id=\"4c62cb6c\" data-element_type=\"widget\" data-e-type=\"widget\" data-widget_type=\"text-editor.default\">\n\t\t\t\t<div class=\"elementor-widget-container\">\n\t\t\t\t\t\t\t\t\t<p>Vend\u00e9gh\u00e1zunk a csendes, kis magyar falu, B\u00fckkzs\u00e9rc fels\u0151 sz\u00e9l\u00e9n tal\u00e1lhat\u00f3, amely aut\u00f3val \u00e9s a k\u00f6zeli rep\u00fcl\u0151terekr\u0151l is k\u00f6nnyen megk\u00f6zel\u00edthet\u0151.<\/p>\n\t\t\t\t\t\t\t\t<\/div>\n\t\t\t\t<\/div>\n\t\t\t\t<\/div>\n\t\t\t\t<\/div>\n\t\t<div class=\"elementor-element elementor-element-10a1cc5 e-con-full animated-slow Header-mobile elementor-hidden-desktop e-flex e-con e-parent\" data-id=\"10a1cc5\" data-element_type=\"container\" data-e-type=\"container\" id=\"Header-mobile\" data-settings=\"{&quot;animation&quot;:&quot;none&quot;,&quot;background_background&quot;:&quot;classic&quot;,&quot;animation_mobile&quot;:&quot;fadeIn&quot;}\">\n\t\t<div class=\"elementor-element elementor-element-85f90c3 e-con-full e-flex elementor-invisible e-con e-child\" data-id=\"85f90c3\" data-element_type=\"container\" data-e-type=\"container\" data-settings=\"{&quot;background_background&quot;:&quot;classic&quot;,&quot;animation&quot;:&quot;fadeInRight&quot;}\">\n\t\t\t\t<div class=\"elementor-element elementor-element-cac32f9 elementor-widget elementor-widget-heading\" data-id=\"cac32f9\" data-element_type=\"widget\" data-e-type=\"widget\" data-widget_type=\"heading.default\">\n\t\t\t\t<div class=\"elementor-widget-container\">\n\t\t\t\t\t<h2 class=\"elementor-heading-title elementor-size-default\">REP\u00dcL\u0150TEREK \u00c9S MEGK\u00d6ZEL\u00cdTHET\u0150S\u00c9G<\/h2>\t\t\t\t<\/div>\n\t\t\t\t<\/div>\n\t\t\t\t<div class=\"elementor-element elementor-element-9dc425a elementor-widget__width-initial elementor-widget elementor-widget-text-editor\" data-id=\"9dc425a\" data-element_type=\"widget\" data-e-type=\"widget\" data-widget_type=\"text-editor.default\">\n\t\t\t\t<div class=\"elementor-widget-container\">\n\t\t\t\t\t\t\t\t\t<p style=\"text-align: center;\">\n            <span style=\"color: #324a6d; font-family: Poppins, sans-serif; font-size: 22px; text-align: start;\">Vend\u00e9gh\u00e1zunk a csendes, kis magyar falu, B\u00fckkzs\u00e9rc fels\u0151 sz\u00e9l\u00e9n tal\u00e1lhat\u00f3, amely aut\u00f3val \u00e9s a k\u00f6zeli rep\u00fcl\u0151terekr\u0151l is k\u00f6nnyen megk\u00f6zel\u00edthet\u0151.<\/span>\n          <\/p>\n\t\t\t\t\t\t\t\t<\/div>\n\t\t\t\t<\/div>\n\t\t\t\t<\/div>\n\t\t\t\t<\/div>\n\t\t<div class=\"elementor-element elementor-element-2bf37ac3 e-con-full e-flex e-con e-parent\" data-id=\"2bf37ac3\" data-element_type=\"container\" data-e-type=\"container\">\n\t\t<div class=\"elementor-element elementor-element-a646be3 e-con-full e-flex e-con e-child\" data-id=\"a646be3\" data-element_type=\"container\" data-e-type=\"container\">\n\t\t\t\t<div class=\"elementor-element elementor-element-9cd0571 ee-google-map-navigation--hide-mobile ee-google-map-navigation--top-left elementor-widget elementor-widget-ee-google-map\" data-id=\"9cd0571\" data-element_type=\"widget\" data-e-type=\"widget\" data-settings=\"{&quot;scrollwheel&quot;:&quot;yes&quot;,&quot;fullscreen_control&quot;:&quot;yes&quot;,&quot;map_type_control&quot;:&quot;yes&quot;,&quot;scale_control&quot;:&quot;yes&quot;,&quot;zoom_control&quot;:&quot;yes&quot;,&quot;navigation&quot;:&quot;yes&quot;,&quot;navigation_zoom&quot;:{&quot;unit&quot;:&quot;px&quot;,&quot;size&quot;:20,&quot;sizes&quot;:[]},&quot;all_text&quot;:&quot;\\u00d6sszes helysz\\u00edn&quot;,&quot;popups&quot;:&quot;yes&quot;,&quot;fit&quot;:&quot;yes&quot;,&quot;map_type&quot;:&quot;ROADMAP&quot;,&quot;doubleclick_zoom&quot;:&quot;yes&quot;,&quot;draggable&quot;:&quot;yes&quot;,&quot;keyboard_shortcuts&quot;:&quot;yes&quot;,&quot;pin_size&quot;:{&quot;unit&quot;:&quot;px&quot;,&quot;size&quot;:50,&quot;sizes&quot;:[]},&quot;pin_position_horizontal&quot;:&quot;center&quot;,&quot;pin_position_vertical&quot;:&quot;top&quot;,&quot;map_style_type&quot;:&quot;api&quot;,&quot;navigation_position&quot;:&quot;top-left&quot;}\" data-widget_type=\"ee-google-map.default\">\n\t\t\t\t<div class=\"elementor-widget-container\">\n\t\t\t\t\t<div class=\"ee-google-map-wrapper\"><div class=\"ee-google-map__navigation\">\n\t\t\t<ul class=\"ee-nav ee-nav--stacked ee-google-map__navigation__items\"><li class=\"ee-google-map__navigation__item ee-google-map__navigation__item--all\">\n\t\t\t\t<a class=\"ee-google-map__navigation__link ee-button ee-button-link\"><span class=\"ee-button-icon ee-icon ee-icon-support--svg ee-icon--left\"><i aria-hidden=\"true\" class=\"fas fa-map-marker-alt\"><\/i><\/span><span class=\"ee-google-map__navigation__text\">\n\t\t\t\t\t\t\u00d6sszes helysz\u00edn\t\t\t\t\t<\/span>\n\t\t\t\t<\/a>\n\t\t\t<\/li><li class=\"ee-google-map__navigation__item elementor-repeater-item-1af45fa\" data-id=\"1af45fa\">\n\t\t\t\t\t\t<a class=\"ee-google-map__navigation__link ee-button ee-button-link\"><span class=\"ee-button-icon ee-icon ee-icon-support--svg ee-icon--left\"><i aria-hidden=\"true\" class=\"fas fa-map-marker-alt\"><\/i><\/span><span class=\"ee-google-map__navigation__text\">\n\t\t\t\t\t\t\t\tA Hegyi Kuck\u00f3\t\t\t\t\t\t\t<\/span>\n\t\t\t\t\t\t<\/a>\n\t\t\t\t\t<\/li><li class=\"ee-google-map__navigation__item elementor-repeater-item-e617b03\" data-id=\"e617b03\">\n\t\t\t\t\t\t<a class=\"ee-google-map__navigation__link ee-button ee-button-link\"><span class=\"ee-button-icon ee-icon ee-icon-support--svg ee-icon--left\"><i aria-hidden=\"true\" class=\"fas fa-map-marker-alt\"><\/i><\/span><span class=\"ee-google-map__navigation__text\">\n\t\t\t\t\t\t\t\tPoprad-Tatry rep\u00fcl\u0151t\u00e9r\t\t\t\t\t\t\t<\/span>\n\t\t\t\t\t\t<\/a>\n\t\t\t\t\t<\/li><li class=\"ee-google-map__navigation__item elementor-repeater-item-afc4ffe\" data-id=\"afc4ffe\">\n\t\t\t\t\t\t<a class=\"ee-google-map__navigation__link ee-button ee-button-link\"><span class=\"ee-button-icon ee-icon ee-icon-support--svg ee-icon--left\"><i aria-hidden=\"true\" class=\"fas fa-map-marker-alt\"><\/i><\/span><span class=\"ee-google-map__navigation__text\">\n\t\t\t\t\t\t\t\tKassa rep\u00fcl\u0151t\u00e9r\t\t\t\t\t\t\t<\/span>\n\t\t\t\t\t\t<\/a>\n\t\t\t\t\t<\/li><li class=\"ee-google-map__navigation__item elementor-repeater-item-c3236b9\" data-id=\"c3236b9\">\n\t\t\t\t\t\t<a class=\"ee-google-map__navigation__link ee-button ee-button-link\"><span class=\"ee-button-icon ee-icon ee-icon-support--svg ee-icon--left\"><i aria-hidden=\"true\" class=\"fas fa-map-marker-alt\"><\/i><\/span><span class=\"ee-google-map__navigation__text\">\n\t\t\t\t\t\t\t\tBudapest Liszt Ferenc Rep\u00fcl\u0151t\u00e9r\t\t\t\t\t\t\t<\/span>\n\t\t\t\t\t\t<\/a>\n\t\t\t\t\t<\/li><li class=\"ee-google-map__navigation__item elementor-repeater-item-0222a0e\" data-id=\"0222a0e\">\n\t\t\t\t\t\t<a class=\"ee-google-map__navigation__link ee-button ee-button-link\"><span class=\"ee-button-icon ee-icon ee-icon-support--svg ee-icon--left\"><i aria-hidden=\"true\" class=\"fas fa-map-marker-alt\"><\/i><\/span><span class=\"ee-google-map__navigation__text\">\n\t\t\t\t\t\t\t\tDebrecen Rep\u00fcl\u0151t\u00e9r\t\t\t\t\t\t\t<\/span>\n\t\t\t\t\t\t<\/a>\n\t\t\t\t\t<\/li>\n\t\t\t<\/ul>\n\t\t<\/div><div class=\"ee-google-map\" data-lat=\"\" data-lng=\"\">\n\t\t\t\t\t\t\n\t\t\t\t\t<div class=\"ee-google-map__pin\" data-trigger=\"click\" data-lat=\"47.9587559\" data-lng=\"20.5025627\" data-id=\"1af45fa\" data-icon=\"https:\/\/themountaincottage.be\/wp-content\/uploads\/2023\/06\/TMC-groen-LOGO-BEELDMERK.png\">\n\t\t\t\t\t\t\t<h6 class=\"ee-google-map__pin__title\">\n\t\t\t\t\t\t\t\t\tA Hegyi Kuck\u00f3\t\t\t\t\t\t\t\t<\/h6>\n\t\t\t\t\t\t\t\t<p class=\"ee-google-map__pin__description\">\n\t\t\t\t\t\t\t\t\t\t\t\t\t\t\t\t\t<\/p>\n\n\t\t\t\t\t\t\t\t\t\t\t\t\t<\/div><div class=\"ee-google-map__pin\" data-trigger=\"mouseover\" data-lat=\"49.0690047\" data-lng=\"20.1660782\" data-id=\"e617b03\">\n\t\t\t\t\t\t\t<h6 class=\"ee-google-map__pin__title\">\n\t\t\t\t\t\t\t\t\tPoprad-Tatry rep\u00fcl\u0151t\u00e9r\t\t\t\t\t\t\t\t<\/h6>\n\t\t\t\t\t\t\t\t<p class=\"ee-google-map__pin__description\">\n\t\t\t\t\t\t\t\t\t<p>Na letisko 100<br \/>058 89 Poprad<br \/>Slowakije<\/p>\t\t\t\t\t\t\t\t<\/p>\n\n\t\t\t\t\t\t\t\t\t\t\t\t\t<\/div><div class=\"ee-google-map__pin\" data-trigger=\"mouseover\" data-lat=\"48.67299\" data-lng=\"21.1550422\" data-id=\"afc4ffe\">\n\t\t\t\t\t\t\t<h6 class=\"ee-google-map__pin__title\">\n\t\t\t\t\t\t\t\t\tKassa rep\u00fcl\u0151t\u00e9r\t\t\t\t\t\t\t\t<\/h6>\n\t\t\t\t\t\t\t\t<p class=\"ee-google-map__pin__description\">\n\t\t\t\t\t\t\t\t\t<p>Luchthaven Ko\u0161ice<br \/>Leteck\u00e1 41<br \/>041 75 Ko\u0161ice<br \/>Slowakije<\/p>\t\t\t\t\t\t\t\t<\/p>\n\n\t\t\t\t\t\t\t\t\t\t\t\t\t<\/div><div class=\"ee-google-map__pin\" data-trigger=\"mouseover\" data-lat=\"47.4385673\" data-lng=\"19.2515714\" data-id=\"c3236b9\">\n\t\t\t\t\t\t\t<h6 class=\"ee-google-map__pin__title\">\n\t\t\t\t\t\t\t\t\tBudapest Liszt Ferenc Rep\u00fcl\u0151t\u00e9r\t\t\t\t\t\t\t\t<\/h6>\n\t\t\t\t\t\t\t\t<p class=\"ee-google-map__pin__description\">\n\t\t\t\t\t\t\t\t\t<p>Luchthaven van Boedapest (BUD)<br \/>Budapest<br \/>Hongarije<\/p>\t\t\t\t\t\t\t\t<\/p>\n\n\t\t\t\t\t\t\t\t\t\t\t\t\t<\/div><div class=\"ee-google-map__pin\" data-trigger=\"click\" data-lat=\"47.4915066\" data-lng=\"21.6067705\" data-id=\"0222a0e\">\n\t\t\t\t\t\t\t<h6 class=\"ee-google-map__pin__title\">\n\t\t\t\t\t\t\t\t\tDebrecen Rep\u00fcl\u0151t\u00e9r\t\t\t\t\t\t\t\t<\/h6>\n\t\t\t\t\t\t\t\t<p class=\"ee-google-map__pin__description\">\n\t\t\t\t\t\t\t\t\t<p>Debrecen<br \/>Rep\u00fcl\u0151t\u00e9ri \u00fat 12<br \/>4030 Debrecen<br \/>Hongarije<\/p>\t\t\t\t\t\t\t\t<\/p>\n\n\t\t\t\t\t\t\t\t\t\t\t\t\t<\/div><\/div><\/div>\t\t\t\t<\/div>\n\t\t\t\t<\/div>\n\t\t\t\t<\/div>\n\t\t<div class=\"elementor-element elementor-element-50f61dd e-con-full e-flex e-con e-child\" data-id=\"50f61dd\" data-element_type=\"container\" data-e-type=\"container\">\n\t\t\t\t<div class=\"elementor-element elementor-element-24aa86c elementor-widget elementor-widget-heading\" data-id=\"24aa86c\" data-element_type=\"widget\" data-e-type=\"widget\" data-widget_type=\"heading.default\">\n\t\t\t\t<div class=\"elementor-widget-container\">\n\t\t\t\t\t<h2 class=\"elementor-heading-title elementor-size-default\">REP\u00dcL\u0150TEREK<\/h2>\t\t\t\t<\/div>\n\t\t\t\t<\/div>\n\t\t\t\t<div class=\"elementor-element elementor-element-e06c9a2 elementor-widget elementor-widget-text-editor\" data-id=\"e06c9a2\" data-element_type=\"widget\" data-e-type=\"widget\" data-widget_type=\"text-editor.default\">\n\t\t\t\t<div class=\"elementor-widget-container\">\n\t\t\t\t\t\t\t\t\t<p>B\u00fckkzs\u00e9rc k\u00f6rny\u00e9k\u00e9n t\u00f6bb rep\u00fcl\u0151t\u00e9r is tal\u00e1lhat\u00f3. Az al\u00e1bbi \u00f6sszefoglal\u00f3ban megtal\u00e1lja a legk\u00f6zelebbi rep\u00fcl\u0151terek le\u00edr\u00e1s\u00e1t: <\/p>\n\t\t\t\t\t\t\t\t<\/div>\n\t\t\t\t<\/div>\n\t\t\t\t<div class=\"elementor-element elementor-element-bb31bee elementor-widget elementor-widget-toggle\" data-id=\"bb31bee\" data-element_type=\"widget\" data-e-type=\"widget\" data-widget_type=\"toggle.default\">\n\t\t\t\t<div class=\"elementor-widget-container\">\n\t\t\t\t\t\t\t<div class=\"elementor-toggle\">\n\t\t\t\t\t\t\t<div class=\"elementor-toggle-item\">\n\t\t\t\t\t<div id=\"elementor-tab-title-1961\" class=\"elementor-tab-title\" data-tab=\"1\" role=\"button\" aria-controls=\"elementor-tab-content-1961\" aria-expanded=\"false\">\n\t\t\t\t\t\t\t\t\t\t\t\t<span class=\"elementor-toggle-icon elementor-toggle-icon-left\" aria-hidden=\"true\">\n\t\t\t\t\t\t\t\t\t\t\t\t\t\t\t<span class=\"elementor-toggle-icon-closed\"><i class=\"fas fa-caret-right\"><\/i><\/span>\n\t\t\t\t\t\t\t\t<span class=\"elementor-toggle-icon-opened\"><i class=\"elementor-toggle-icon-opened fas fa-caret-up\"><\/i><\/span>\n\t\t\t\t\t\t\t\t\t\t\t\t\t<\/span>\n\t\t\t\t\t\t\t\t\t\t\t\t<a class=\"elementor-toggle-title\" tabindex=\"0\">Debrecen Rep\u00fcl\u0151t\u00e9r (DEB)<\/a>\n\t\t\t\t\t<\/div>\n\n\t\t\t\t\t<div id=\"elementor-tab-content-1961\" class=\"elementor-tab-content elementor-clearfix\" data-tab=\"1\" role=\"region\" aria-labelledby=\"elementor-tab-title-1961\"><p>B\u00fckkzs\u00e9rct\u0151l mintegy 140 km-re tal\u00e1lhat\u00f3, ez a rep\u00fcl\u0151t\u00e9r Magyarorsz\u00e1g m\u00e1sodik legnagyobb rep\u00fcl\u0151tere. A fapados l\u00e9git\u00e1rsas\u00e1gok egyik f\u0151 csom\u00f3pontja, \u00e9s sz\u00e1mos eur\u00f3pai c\u00e9l\u00e1llom\u00e1sra k\u00edn\u00e1l j\u00e1ratokat. <\/p>\n<\/div>\n\t\t\t\t<\/div>\n\t\t\t\t\t\t\t<div class=\"elementor-toggle-item\">\n\t\t\t\t\t<div id=\"elementor-tab-title-1962\" class=\"elementor-tab-title\" data-tab=\"2\" role=\"button\" aria-controls=\"elementor-tab-content-1962\" aria-expanded=\"false\">\n\t\t\t\t\t\t\t\t\t\t\t\t<span class=\"elementor-toggle-icon elementor-toggle-icon-left\" aria-hidden=\"true\">\n\t\t\t\t\t\t\t\t\t\t\t\t\t\t\t<span class=\"elementor-toggle-icon-closed\"><i class=\"fas fa-caret-right\"><\/i><\/span>\n\t\t\t\t\t\t\t\t<span class=\"elementor-toggle-icon-opened\"><i class=\"elementor-toggle-icon-opened fas fa-caret-up\"><\/i><\/span>\n\t\t\t\t\t\t\t\t\t\t\t\t\t<\/span>\n\t\t\t\t\t\t\t\t\t\t\t\t<a class=\"elementor-toggle-title\" tabindex=\"0\">Budapest Liszt Ferenc Rep\u00fcl\u0151t\u00e9r (BUD)<\/a>\n\t\t\t\t\t<\/div>\n\n\t\t\t\t\t<div id=\"elementor-tab-content-1962\" class=\"elementor-tab-content elementor-clearfix\" data-tab=\"2\" role=\"region\" aria-labelledby=\"elementor-tab-title-1962\"><p>A B\u00fckkzs\u00e9rct\u0151l mintegy 160 kilom\u00e9terre tal\u00e1lhat\u00f3 rep\u00fcl\u0151t\u00e9r Magyarorsz\u00e1g legnagyobb rep\u00fcl\u0151tere. A nemzetk\u00f6zi l\u00e9git\u00e1rsas\u00e1gok egyik f\u0151 csom\u00f3pontja, \u00e9s a vil\u00e1g minden t\u00e1j\u00e1ra k\u00edn\u00e1l j\u00e1ratokat. <\/p>\n<\/div>\n\t\t\t\t<\/div>\n\t\t\t\t\t\t\t<div class=\"elementor-toggle-item\">\n\t\t\t\t\t<div id=\"elementor-tab-title-1963\" class=\"elementor-tab-title\" data-tab=\"3\" role=\"button\" aria-controls=\"elementor-tab-content-1963\" aria-expanded=\"false\">\n\t\t\t\t\t\t\t\t\t\t\t\t<span class=\"elementor-toggle-icon elementor-toggle-icon-left\" aria-hidden=\"true\">\n\t\t\t\t\t\t\t\t\t\t\t\t\t\t\t<span class=\"elementor-toggle-icon-closed\"><i class=\"fas fa-caret-right\"><\/i><\/span>\n\t\t\t\t\t\t\t\t<span class=\"elementor-toggle-icon-opened\"><i class=\"elementor-toggle-icon-opened fas fa-caret-up\"><\/i><\/span>\n\t\t\t\t\t\t\t\t\t\t\t\t\t<\/span>\n\t\t\t\t\t\t\t\t\t\t\t\t<a class=\"elementor-toggle-title\" tabindex=\"0\">Kassai rep\u00fcl\u0151t\u00e9r (KSC)<\/a>\n\t\t\t\t\t<\/div>\n\n\t\t\t\t\t<div id=\"elementor-tab-content-1963\" class=\"elementor-tab-content elementor-clearfix\" data-tab=\"3\" role=\"region\" aria-labelledby=\"elementor-tab-title-1963\"><p>A B\u00fckkzs\u00e9rct\u0151l mintegy 160 kilom\u00e9terre tal\u00e1lhat\u00f3 rep\u00fcl\u0151t\u00e9r Szlov\u00e1kia m\u00e1sodik legnagyobb rep\u00fcl\u0151tere. Sz\u00e1mos eur\u00f3pai c\u00e9l\u00e1llom\u00e1sra k\u00edn\u00e1l j\u00e1ratokat. <\/p>\n<\/div>\n\t\t\t\t<\/div>\n\t\t\t\t\t\t\t<div class=\"elementor-toggle-item\">\n\t\t\t\t\t<div id=\"elementor-tab-title-1964\" class=\"elementor-tab-title\" data-tab=\"4\" role=\"button\" aria-controls=\"elementor-tab-content-1964\" aria-expanded=\"false\">\n\t\t\t\t\t\t\t\t\t\t\t\t<span class=\"elementor-toggle-icon elementor-toggle-icon-left\" aria-hidden=\"true\">\n\t\t\t\t\t\t\t\t\t\t\t\t\t\t\t<span class=\"elementor-toggle-icon-closed\"><i class=\"fas fa-caret-right\"><\/i><\/span>\n\t\t\t\t\t\t\t\t<span class=\"elementor-toggle-icon-opened\"><i class=\"elementor-toggle-icon-opened fas fa-caret-up\"><\/i><\/span>\n\t\t\t\t\t\t\t\t\t\t\t\t\t<\/span>\n\t\t\t\t\t\t\t\t\t\t\t\t<a class=\"elementor-toggle-title\" tabindex=\"0\">Poprad-Tatry rep\u00fcl\u0151t\u00e9r (TAT)<\/a>\n\t\t\t\t\t<\/div>\n\n\t\t\t\t\t<div id=\"elementor-tab-content-1964\" class=\"elementor-tab-content elementor-clearfix\" data-tab=\"4\" role=\"region\" aria-labelledby=\"elementor-tab-title-1964\"><p>A B\u00fckkzs\u00e9rct\u0151l mintegy 200 kilom\u00e9terre tal\u00e1lhat\u00f3 rep\u00fcl\u0151t\u00e9r Szlov\u00e1kia m\u00e1sodik legnagyobb rep\u00fcl\u0151tere. Sz\u00e1mos eur\u00f3pai c\u00e9l\u00e1llom\u00e1sra k\u00edn\u00e1l j\u00e1ratokat, \u00e9s a T\u00e1tra hegys\u00e9ghez val\u00f3 k\u00f6zels\u00e9ge miatt k\u00fcl\u00f6n\u00f6sen n\u00e9pszer\u0171 a t\u00e9li sportok szerelmesei k\u00f6r\u00e9ben. <\/p>\n<\/div>\n\t\t\t\t<\/div>\n\t\t\t\t\t\t\t\t<\/div>\n\t\t\t\t\t\t<\/div>\n\t\t\t\t<\/div>\n\t\t\t\t<\/div>\n\t\t\t\t<\/div>\n\t\t<div class=\"elementor-element elementor-element-29a5253 e-flex e-con-boxed e-con e-parent\" data-id=\"29a5253\" data-element_type=\"container\" data-e-type=\"container\" data-settings=\"{&quot;background_background&quot;:&quot;classic&quot;}\">\n\t\t\t\t\t<div class=\"e-con-inner\">\n\t\t\t\t<div class=\"elementor-element elementor-element-c2b115d elementor-widget elementor-widget-heading\" data-id=\"c2b115d\" data-element_type=\"widget\" data-e-type=\"widget\" data-widget_type=\"heading.default\">\n\t\t\t\t<div class=\"elementor-widget-container\">\n\t\t\t\t\t<h2 class=\"elementor-heading-title elementor-size-default\">INGAJ\u00c1RATOK<\/h2>\t\t\t\t<\/div>\n\t\t\t\t<\/div>\n\t\t<div class=\"elementor-element elementor-element-ecd2d5f e-con-full e-flex e-con e-child\" data-id=\"ecd2d5f\" data-element_type=\"container\" data-e-type=\"container\">\n\t\t\t\t<div class=\"elementor-element elementor-element-9667197 elementor-widget elementor-widget-text-editor\" data-id=\"9667197\" data-element_type=\"widget\" data-e-type=\"widget\" data-widget_type=\"text-editor.default\">\n\t\t\t\t<div class=\"elementor-widget-container\">\n\t\t\t\t\t\t\t\t\t<p>Nem szeretne aut\u00f3t b\u00e9relni, hanem szivesebben venn\u00e9 ig\u00e9nybe a rep\u00fcl\u0151t\u00e9ri ingaj\u00e1rat szolg\u00e1ltat\u00e1sait? Lehets\u00e9ges. Foglal\u00e1skor v\u00e1lassza ki a transzfer szolg\u00e1ltat\u00e1st \u00e9s mi megszervezz\u00fck az \u00d6n sz\u00e1ll\u00edt\u00e1s\u00e1t.  <\/p>\n\t\t\t\t\t\t\t\t<\/div>\n\t\t\t\t<\/div>\n\t\t\t\t<\/div>\n\t\t\t\t\t<\/div>\n\t\t\t\t<\/div>\n\t\t<div class=\"elementor-element elementor-element-77acd61c e-con-full e-flex e-con e-parent\" data-id=\"77acd61c\" data-element_type=\"container\" data-e-type=\"container\">\n\t\t<div class=\"elementor-element elementor-element-22f797c e-con-full e-flex e-con e-child\" data-id=\"22f797c\" data-element_type=\"container\" data-e-type=\"container\">\n\t\t\t\t<div class=\"elementor-element elementor-element-8f12f47 elementor-widget elementor-widget-heading\" data-id=\"8f12f47\" data-element_type=\"widget\" data-e-type=\"widget\" data-widget_type=\"heading.default\">\n\t\t\t\t<div class=\"elementor-widget-container\">\n\t\t\t\t\t<h2 class=\"elementor-heading-title elementor-size-default\">TERVEZZE MEG \u00daTVONAL\u00c1T<\/h2>\t\t\t\t<\/div>\n\t\t\t\t<\/div>\n\t\t\t\t<div class=\"elementor-element elementor-element-f2b8b97 elementor-widget elementor-widget-text-editor\" data-id=\"f2b8b97\" data-element_type=\"widget\" data-e-type=\"widget\" data-widget_type=\"text-editor.default\">\n\t\t\t\t<div class=\"elementor-widget-container\">\n\t\t\t\t\t\t\t\t\t<p style=\"text-align: center;\">Kattintson az al\u00e1bbi c\u00edmre \u00e9s tervezze meg \u00fatvonal\u00e1t h\u00e1zt\u00f3l h\u00e1zig.<\/p>\n\t\t\t\t\t\t\t\t<\/div>\n\t\t\t\t<\/div>\n\t\t\t\t<div class=\"elementor-element elementor-element-134be2b2 elementor-widget elementor-widget-icon-box\" data-id=\"134be2b2\" data-element_type=\"widget\" data-e-type=\"widget\" data-widget_type=\"icon-box.default\">\n\t\t\t\t<div class=\"elementor-widget-container\">\n\t\t\t\t\t\t\t<div class=\"elementor-icon-box-wrapper\">\n\n\t\t\t\n\t\t\t\t\t\t<div class=\"elementor-icon-box-content\">\n\n\t\t\t\t\t\t\t\t\t<h2 class=\"elementor-icon-box-title\">\n\t\t\t\t\t\t<a href=\"https:\/\/www.google.com\/maps\/dir\/\/B%C3%BCkkzs%C3%A9rc+3414+Hongarije\/@47.9587559,20.5025627,17z\/data=!4m5!4m4!1m0!1m2!1m1!1s0x474090596ecd6f51:0xbb6cb778faa62cba\" >\n\t\t\t\t\t\t\tB\u00fckkzs\u00e9rc 3414, Magyarorsz\u00e1g\t\t\t\t\t\t<\/a>\n\t\t\t\t\t<\/h2>\n\t\t\t\t\n\t\t\t\t\n\t\t\t<\/div>\n\t\t\t\n\t\t<\/div>\n\t\t\t\t\t\t<\/div>\n\t\t\t\t<\/div>\n\t\t\t\t<\/div>\n\t\t<div class=\"elementor-element elementor-element-6ff8893c e-con-full e-flex e-con e-child\" data-id=\"6ff8893c\" data-element_type=\"container\" data-e-type=\"container\" data-settings=\"{&quot;background_background&quot;:&quot;classic&quot;}\">\n\t\t\t\t<div class=\"elementor-element elementor-element-4a7823e4 elementor-widget elementor-widget-google_maps\" data-id=\"4a7823e4\" data-element_type=\"widget\" data-e-type=\"widget\" data-widget_type=\"google_maps.default\">\n\t\t\t\t<div class=\"elementor-widget-container\">\n\t\t\t\t\t\t\t<div class=\"elementor-custom-embed\">\n\t\t\t<iframe loading=\"lazy\"\n\t\t\t\t\tsrc=\"https:\/\/www.google.com\/maps\/embed\/v1\/place?key=AIzaSyBbn5fCsZFGkKnWu3xvYw_Eeacpu7h4pGU&#038;q=Bukkszerc&#038;zoom=10\"\n\t\t\t\t\ttitle=\"Bukkszerc\"\n\t\t\t\t\taria-label=\"Bukkszerc\"\n\t\t\t><\/iframe>\n\t\t<\/div>\n\t\t\t\t\t\t<\/div>\n\t\t\t\t<\/div>\n\t\t\t\t<\/div>\n\t\t\t\t<\/div>\n\t\t\t\t<\/div>\n\t\t","protected":false},"excerpt":{"rendered":"<p>REP\u00dcL\u0150TEREK \u00c9S MEGK\u00d6ZE\u00cdTHET\u0150S\u00c9G Vend\u00e9gh\u00e1zunk a csendes, kis magyar falu, B\u00fckkzs\u00e9rc fels\u0151 sz\u00e9l\u00e9n tal\u00e1lhat\u00f3, amely aut\u00f3val \u00e9s a k\u00f6zeli rep\u00fcl\u0151terekr\u0151l is k\u00f6nnyen megk\u00f6zel\u00edthet\u0151. REP\u00dcL\u0150TEREK \u00c9S MEGK\u00d6ZEL\u00cdTHET\u0150S\u00c9G Vend\u00e9gh\u00e1zunk a csendes, kis magyar falu, B\u00fckkzs\u00e9rc fels\u0151 sz\u00e9l\u00e9n tal\u00e1lhat\u00f3, amely aut\u00f3val \u00e9s a k\u00f6zeli rep\u00fcl\u0151terekr\u0151l is k\u00f6nnyen megk\u00f6zel\u00edthet\u0151. \u00d6sszes helysz\u00edn A Hegyi Kuck\u00f3 Poprad-Tatry rep\u00fcl\u0151t\u00e9r Kassa rep\u00fcl\u0151t\u00e9r Budapest Liszt [&hellip;]<\/p>\n","protected":false},"author":1,"featured_media":0,"parent":0,"menu_order":0,"comment_status":"closed","ping_status":"closed","template":"elementor_header_footer","meta":{"footnotes":""},"class_list":["post-6094","page","type-page","status-publish","hentry"],"_links":{"self":[{"href":"https:\/\/themountaincottage.be\/hu\/wp-json\/wp\/v2\/pages\/6094","targetHints":{"allow":["GET"]}}],"collection":[{"href":"https:\/\/themountaincottage.be\/hu\/wp-json\/wp\/v2\/pages"}],"about":[{"href":"https:\/\/themountaincottage.be\/hu\/wp-json\/wp\/v2\/types\/page"}],"author":[{"embeddable":true,"href":"https:\/\/themountaincottage.be\/hu\/wp-json\/wp\/v2\/users\/1"}],"replies":[{"embeddable":true,"href":"https:\/\/themountaincottage.be\/hu\/wp-json\/wp\/v2\/comments?post=6094"}],"version-history":[{"count":13,"href":"https:\/\/themountaincottage.be\/hu\/wp-json\/wp\/v2\/pages\/6094\/revisions"}],"predecessor-version":[{"id":6540,"href":"https:\/\/themountaincottage.be\/hu\/wp-json\/wp\/v2\/pages\/6094\/revisions\/6540"}],"wp:attachment":[{"href":"https:\/\/themountaincottage.be\/hu\/wp-json\/wp\/v2\/media?parent=6094"}],"curies":[{"name":"wp","href":"https:\/\/api.w.org\/{rel}","templated":true}]}}