{"id":6195,"date":"2023-05-26T13:05:22","date_gmt":"2023-05-26T11:05:22","guid":{"rendered":"https:\/\/themountaincottage.be\/a-kornyezet\/"},"modified":"2023-11-06T13:43:53","modified_gmt":"2023-11-06T12:43:53","slug":"a-kornyezet","status":"publish","type":"page","link":"https:\/\/themountaincottage.be\/hu\/a-kornyezet\/","title":{"rendered":"A k\u00f6rnyezet"},"content":{"rendered":"\t\t<div data-elementor-type=\"wp-page\" data-elementor-id=\"6195\" class=\"elementor elementor-6195 elementor-36\" data-elementor-post-type=\"page\">\n\t\t\t\t<div class=\"elementor-element elementor-element-2071db91 e-con-full animated-slow elementor-hidden-tablet elementor-hidden-mobile e-flex e-con e-parent\" data-id=\"2071db91\" data-element_type=\"container\" data-e-type=\"container\" data-settings=\"{&quot;animation&quot;:&quot;none&quot;}\">\n\t\t<div class=\"elementor-element elementor-element-61d8402 e-con-full e-flex elementor-invisible e-con e-child\" data-id=\"61d8402\" data-element_type=\"container\" data-e-type=\"container\" data-settings=\"{&quot;animation&quot;:&quot;fadeInLeft&quot;}\">\n\t\t\t\t<div class=\"elementor-element elementor-element-678a1e1 elementor-widget elementor-widget-image\" data-id=\"678a1e1\" data-element_type=\"widget\" data-e-type=\"widget\" data-widget_type=\"image.default\">\n\t\t\t\t<div class=\"elementor-widget-container\">\n\t\t\t\t\t\t\t\t\t\t\t\t\t\t\t<img fetchpriority=\"high\" decoding=\"async\" width=\"800\" height=\"533\" src=\"https:\/\/themountaincottage.be\/wp-content\/uploads\/2023\/06\/Uitzicht-5-1024x682.jpg\" class=\"attachment-large size-large wp-image-1059\" alt=\"\" srcset=\"https:\/\/themountaincottage.be\/wp-content\/uploads\/2023\/06\/Uitzicht-5-1024x682.jpg 1024w, https:\/\/themountaincottage.be\/wp-content\/uploads\/2023\/06\/Uitzicht-5-300x200.jpg 300w, https:\/\/themountaincottage.be\/wp-content\/uploads\/2023\/06\/Uitzicht-5-768x512.jpg 768w, https:\/\/themountaincottage.be\/wp-content\/uploads\/2023\/06\/Uitzicht-5-1536x1023.jpg 1536w, https:\/\/themountaincottage.be\/wp-content\/uploads\/2023\/06\/Uitzicht-5-600x400.jpg 600w, https:\/\/themountaincottage.be\/wp-content\/uploads\/2023\/06\/Uitzicht-5.jpg 1600w\" sizes=\"(max-width: 800px) 100vw, 800px\" \/>\t\t\t\t\t\t\t\t\t\t\t\t\t\t\t<\/div>\n\t\t\t\t<\/div>\n\t\t\t\t<\/div>\n\t\t<div class=\"elementor-element elementor-element-2bccc75b e-con-full e-flex elementor-invisible e-con e-child\" data-id=\"2bccc75b\" data-element_type=\"container\" data-e-type=\"container\" data-settings=\"{&quot;background_background&quot;:&quot;classic&quot;,&quot;animation&quot;:&quot;fadeInRight&quot;}\">\n\t\t\t\t<div class=\"elementor-element elementor-element-2f2c0f7d elementor-widget elementor-widget-heading\" data-id=\"2f2c0f7d\" data-element_type=\"widget\" data-e-type=\"widget\" data-widget_type=\"heading.default\">\n\t\t\t\t<div class=\"elementor-widget-container\">\n\t\t\t\t\t<h2 class=\"elementor-heading-title elementor-size-default\">\n          <h1 data-elementor-setting-key=\"title\" data-pen-placeholder=\"Hier typen...\" data-ms-editor=\"true\" style=\"font-family: var( --e-global-typography-primary-font-family ), Sans-serif;font-weight: var( --e-global-typography-primary-font-weight )\">A K\u00d6RNYEZET<\/h1>\n        <\/h2>\t\t\t\t<\/div>\n\t\t\t\t<\/div>\n\t\t\t\t<div class=\"elementor-element elementor-element-58ab717 elementor-widget__width-initial elementor-widget elementor-widget-text-editor\" data-id=\"58ab717\" data-element_type=\"widget\" data-e-type=\"widget\" data-widget_type=\"text-editor.default\">\n\t\t\t\t<div class=\"elementor-widget-container\">\n\t\t\t\t\t\t\t\t\t<p style=\"text-align: center;\">\n            <span style=\"color: #324a6d; font-family: Poppins, sans-serif; font-size: 22px; text-align: start;\">Nyaral\u00f3nk a csendes magyar falu, B\u00fckkzs\u00e9rc fels\u0151 hat\u00e1r\u00e1n\u00e1l tal\u00e1lhat\u00f3. A term\u00e9szet sz\u00e9ps\u00e9geivel megaj\u00e1nd\u00e9kozott birtok ide\u00e1lis hely a t\u00f6k\u00e9letes kikapcsol\u00f3d\u00e1sra.  <\/span>\n          <\/p>\n\t\t\t\t\t\t\t\t<\/div>\n\t\t\t\t<\/div>\n\t\t\t\t<div class=\"elementor-element elementor-element-6cd9bb46 elementor-align-center elementor-widget elementor-widget-button\" data-id=\"6cd9bb46\" data-element_type=\"widget\" data-e-type=\"widget\" data-widget_type=\"button.default\">\n\t\t\t\t<div class=\"elementor-widget-container\">\n\t\t\t\t\t\t\t\t\t<div class=\"elementor-button-wrapper\">\n\t\t\t\t\t<a class=\"elementor-button elementor-button-link elementor-size-sm\" href=\"#\">\n\t\t\t\t\t\t<span class=\"elementor-button-content-wrapper\">\n\t\t\t\t\t\t\t\t\t<span class=\"elementor-button-text\">Tov\u00e1bbi hasznos inform\u00e1ci\u00f3k<\/span>\n\t\t\t\t\t<\/span>\n\t\t\t\t\t<\/a>\n\t\t\t\t<\/div>\n\t\t\t\t\t\t\t\t<\/div>\n\t\t\t\t<\/div>\n\t\t\t\t<\/div>\n\t\t\t\t<\/div>\n\t\t<div class=\"elementor-element elementor-element-36361758 e-con-full animated-slow Header-mobile elementor-hidden-desktop e-flex e-con e-parent\" data-id=\"36361758\" data-element_type=\"container\" data-e-type=\"container\" id=\"Header-mobile\" data-settings=\"{&quot;animation&quot;:&quot;none&quot;,&quot;background_background&quot;:&quot;classic&quot;,&quot;animation_mobile&quot;:&quot;fadeIn&quot;}\">\n\t\t<div class=\"elementor-element elementor-element-51b6ed39 e-con-full e-flex elementor-invisible e-con e-child\" data-id=\"51b6ed39\" data-element_type=\"container\" data-e-type=\"container\" data-settings=\"{&quot;background_background&quot;:&quot;classic&quot;,&quot;animation&quot;:&quot;fadeInRight&quot;}\">\n\t\t\t\t<div class=\"elementor-element elementor-element-ccfacb7 elementor-widget elementor-widget-heading\" data-id=\"ccfacb7\" data-element_type=\"widget\" data-e-type=\"widget\" data-widget_type=\"heading.default\">\n\t\t\t\t<div class=\"elementor-widget-container\">\n\t\t\t\t\t<h2 class=\"elementor-heading-title elementor-size-default\">A K\u00d6RNYEZET<\/h2>\t\t\t\t<\/div>\n\t\t\t\t<\/div>\n\t\t\t\t<div class=\"elementor-element elementor-element-84bdd62 elementor-widget__width-initial elementor-widget elementor-widget-text-editor\" data-id=\"84bdd62\" data-element_type=\"widget\" data-e-type=\"widget\" data-widget_type=\"text-editor.default\">\n\t\t\t\t<div class=\"elementor-widget-container\">\n\t\t\t\t\t\t\t\t\t<p style=\"text-align: center;\">\n            <span style=\"color: #324a6d; font-family: Poppins, sans-serif; font-size: 22px; text-align: start;\">Nyaral\u00f3nk a csendes magyar falu, B\u00fckkzs\u00e9rc fels\u0151 hat\u00e1r\u00e1n\u00e1l tal\u00e1lhat\u00f3. A term\u00e9szet sz\u00e9ps\u00e9geivel megaj\u00e1nd\u00e9kozott birtok ide\u00e1lis hely a t\u00f6k\u00e9letes kikapcsol\u00f3d\u00e1sra.  <\/span>\n          <\/p>\n\t\t\t\t\t\t\t\t<\/div>\n\t\t\t\t<\/div>\n\t\t\t\t<\/div>\n\t\t\t\t<\/div>\n\t\t<div class=\"elementor-element elementor-element-2897283b e-con-full e-flex e-con e-parent\" data-id=\"2897283b\" data-element_type=\"container\" data-e-type=\"container\" data-settings=\"{&quot;background_background&quot;:&quot;classic&quot;}\">\n\t\t<div class=\"elementor-element elementor-element-5a2659cd e-con-full e-flex e-con e-child\" data-id=\"5a2659cd\" data-element_type=\"container\" data-e-type=\"container\">\n\t\t\t\t<div class=\"elementor-element elementor-element-4066de8d elementor-widget elementor-widget-heading\" data-id=\"4066de8d\" data-element_type=\"widget\" data-e-type=\"widget\" data-widget_type=\"heading.default\">\n\t\t\t\t<div class=\"elementor-widget-container\">\n\t\t\t\t\t<h2 class=\"elementor-heading-title elementor-size-default\">Magyarorsz\u00e1g<\/h2>\t\t\t\t<\/div>\n\t\t\t\t<\/div>\n\t\t\t\t<div class=\"elementor-element elementor-element-266a45c ee-trigger-align--center elementor-widget elementor-widget-unfold\" data-id=\"266a45c\" data-element_type=\"widget\" data-e-type=\"widget\" data-settings=\"{&quot;visible_percentage&quot;:{&quot;unit&quot;:&quot;px&quot;,&quot;size&quot;:13,&quot;sizes&quot;:[]},&quot;duration_unfold&quot;:{&quot;unit&quot;:&quot;px&quot;,&quot;size&quot;:0.5,&quot;sizes&quot;:[]},&quot;animation_unfold&quot;:&quot;Power4&quot;,&quot;easing_unfold&quot;:&quot;easeInOut&quot;,&quot;duration_fold&quot;:{&quot;unit&quot;:&quot;px&quot;,&quot;size&quot;:0.5,&quot;sizes&quot;:[]},&quot;animation_fold&quot;:&quot;Power4&quot;,&quot;easing_fold&quot;:&quot;easeInOut&quot;}\" data-widget_type=\"unfold.default\">\n\t\t\t\t<div class=\"elementor-widget-container\">\n\t\t\t\t\t<div class=\"ee-unfold\">\n\t\t\t<div class=\"ee-unfold__mask\">\n\t\t\t\t<div class=\"ee-unfold__content\">\n\t\t\t\t\t<p>Magyarorsz\u00e1g t\u00f6rt\u00e9nelme az \u00f3korig ny\u00falik vissza, amikor a magyar n\u00e9p a IX. sz\u00e1zad v\u00e9g\u00e9n bev\u00e1ndorolt a K\u00e1rp\u00e1t-medenc\u00e9be. Szeretne t\u00f6bbet megtudni Magyarorsz\u00e1g t\u00f6rt\u00e9nelm\u00e9r\u0151l? <\/p>\n<p>9-11. sz\u00e1zad: A magyars\u00e1g megteremti uralm\u00e1t a K\u00e1rp\u00e1t-medenc\u00e9ben, \u00e9s 1000-ben megalap\u00edtja a magyar \u00e1llamot I. Istv\u00e1n kir\u00e1ly uralma alatt. Az orsz\u00e1g a kereszt\u00e9nys\u00e9get veszi fel hivatalos vall\u00e1s\u00e1v\u00e1.<\/p>\n<p>13-16. sz\u00e1zad: Magyarorsz\u00e1g hatalmas eur\u00f3pai kir\u00e1lys\u00e1gg\u00e1 v\u00e1lik, amely a 15. sz\u00e1zadban Corvin M\u00e1ty\u00e1s kir\u00e1ly uralkod\u00e1sa alatt \u00e9rte el cs\u00facspontj\u00e1t. Az Oszm\u00e1n (t\u00f6r\u00f6k) Birodalom azonban a 16. sz\u00e1zad k\u00f6zep\u00e9n megsz\u00e1llta az orsz\u00e1got, \u00e9s t\u00f6bb mint 150 \u00e9vig tartotta megsz\u00e1ll\u00e1s alatt. <\/p>\n<p>18. sz\u00e1zad: Ausztria az Oszm\u00e1n (t\u00f6r\u00f6k) Birodalom veres\u00e9ge ut\u00e1n \u00e1tveszi az ir\u00e1ny\u00edt\u00e1st Magyarorsz\u00e1g felett, melynek eredm\u00e9nyek\u00e9nt a k\u00e9t orsz\u00e1g kett\u0151s monarchi\u00e1t alkot, Osztr\u00e1k-Magyar Birodalom n\u00e9ven.<\/p>\n<p>19. sz\u00e1zad: Magyarorsz\u00e1g az 1848-as magyar forradalomnak nevezett kultur\u00e1lis \u00e9s politikai \u00fajj\u00e1sz\u00fclet\u00e9s id\u0151szak\u00e1t \u00e9li, amelyet az Osztr\u00e1k-Magyar Birodalom lever. 1867-ben viszont Magyarorsz\u00e1g auton\u00f3mi\u00e1t nyert az Osztr\u00e1k-Magyar Monarchi\u00e1ban. <\/p>\n<p>20. sz\u00e1zad: Magyarorsz\u00e1g az Osztr\u00e1k-Magyar Birodalom \u00f6sszeoml\u00e1sa ut\u00e1n, az I. vil\u00e1gh\u00e1bor\u00fa v\u00e9g\u00e9n K\u00f6zt\u00e1rsas\u00e1gg\u00e1 v\u00e1lik. Az orsz\u00e1got a m\u00e1sodik vil\u00e1gh\u00e1bor\u00fa alatt a n\u00e1ci N\u00e9metorsz\u00e1g megsz\u00e1ll\u00e1sa al\u00e1 ker\u00fclt, majd a h\u00e1bor\u00fa ut\u00e1n kommunista \u00e1llamm\u00e1 v\u00e1lt. Az 1956-os magyarorsz\u00e1gi forradalmat a Szovjetuni\u00f3 leverte.  <\/p>\n<p>1989-1990: Magyarorsz\u00e1g a Szovjetuni\u00f3 \u00f6sszeoml\u00e1sa ut\u00e1n demokratikus korm\u00e1nyz\u00e1sra \u00e9s piacgazdas\u00e1gra v\u00e1lt.<\/p>\n<p>21. sz\u00e1zad: Magyarorsz\u00e1g 2004-ben csatlakozik az Eur\u00f3pai Uni\u00f3hoz, \u00e9s a gazdas\u00e1g gyors n\u00f6veked\u00e9snek indul.<\/p>\n\t\t\t\t<\/div>\n\t\t\t\t<div class=\"ee-unfold__separator\"><\/div>\n\t\t\t<\/div>\n\t\t\t<div class=\"ee-unfold__trigger\">\n\t\t\t\t<span class=\"ee-button-wrapper\">\n\t\t\t\t\t<span class=\"ee-button ee-size-sm\">\n\t\t\t\t\t\t<span class=\"ee-button-content-wrapper\"><span class=\"ee-button-text\" data-close-label=\"Kevesebb inform\u00e1ci\u00f3\" data-open-label=\"Tov\u00e1bbi inform\u00e1ci\u00f3k\">Tov\u00e1bbi inform\u00e1ci\u00f3k<\/span>\n\t\t<\/span>\n\t\t\t\t\t\t\t<\/span>\n\t\t\t\t<\/span>\n\t\t\t<\/div>\n\t\t<\/div>\t\t\t\t<\/div>\n\t\t\t\t<\/div>\n\t\t\t\t<\/div>\n\t\t<div class=\"elementor-element elementor-element-44308781 e-con-full e-flex e-con e-child\" data-id=\"44308781\" data-element_type=\"container\" data-e-type=\"container\">\n\t\t\t\t<div class=\"elementor-element elementor-element-2b107ac4 elementor-widget elementor-widget-image\" data-id=\"2b107ac4\" data-element_type=\"widget\" data-e-type=\"widget\" data-widget_type=\"image.default\">\n\t\t\t\t<div class=\"elementor-widget-container\">\n\t\t\t\t\t\t\t\t\t\t\t\t\t\t\t<img decoding=\"async\" width=\"682\" height=\"1024\" src=\"https:\/\/themountaincottage.be\/wp-content\/uploads\/2023\/06\/pexels-timi-keszthelyi-2350351-682x1024.jpg\" class=\"attachment-large size-large wp-image-1132\" alt=\"\" srcset=\"https:\/\/themountaincottage.be\/wp-content\/uploads\/2023\/06\/pexels-timi-keszthelyi-2350351-682x1024.jpg 682w, https:\/\/themountaincottage.be\/wp-content\/uploads\/2023\/06\/pexels-timi-keszthelyi-2350351-200x300.jpg 200w, https:\/\/themountaincottage.be\/wp-content\/uploads\/2023\/06\/pexels-timi-keszthelyi-2350351-768x1152.jpg 768w, https:\/\/themountaincottage.be\/wp-content\/uploads\/2023\/06\/pexels-timi-keszthelyi-2350351-1024x1536.jpg 1024w, https:\/\/themountaincottage.be\/wp-content\/uploads\/2023\/06\/pexels-timi-keszthelyi-2350351-1365x2048.jpg 1365w, https:\/\/themountaincottage.be\/wp-content\/uploads\/2023\/06\/pexels-timi-keszthelyi-2350351-600x900.jpg 600w, https:\/\/themountaincottage.be\/wp-content\/uploads\/2023\/06\/pexels-timi-keszthelyi-2350351-scaled.jpg 1706w\" sizes=\"(max-width: 682px) 100vw, 682px\" \/>\t\t\t\t\t\t\t\t\t\t\t\t\t\t\t<\/div>\n\t\t\t\t<\/div>\n\t\t\t\t<\/div>\n\t\t\t\t<\/div>\n\t\t<div class=\"elementor-element elementor-element-482fa964 e-con-full e-flex e-con e-parent\" data-id=\"482fa964\" data-element_type=\"container\" data-e-type=\"container\" data-settings=\"{&quot;background_background&quot;:&quot;classic&quot;}\">\n\t\t<div class=\"elementor-element elementor-element-19288bf6 e-con-full e-flex e-con e-child\" data-id=\"19288bf6\" data-element_type=\"container\" data-e-type=\"container\">\n\t\t\t\t<div class=\"elementor-element elementor-element-4acea007 elementor-widget elementor-widget-heading\" data-id=\"4acea007\" data-element_type=\"widget\" data-e-type=\"widget\" data-widget_type=\"heading.default\">\n\t\t\t\t<div class=\"elementor-widget-container\">\n\t\t\t\t\t<h2 class=\"elementor-heading-title elementor-size-default\">B\u00dcKKZS\u00c9RC<\/h2>\t\t\t\t<\/div>\n\t\t\t\t<\/div>\n\t\t\t\t<div class=\"elementor-element elementor-element-6f66b87 ee-trigger-align--center elementor-widget elementor-widget-unfold\" data-id=\"6f66b87\" data-element_type=\"widget\" data-e-type=\"widget\" data-settings=\"{&quot;visible_percentage&quot;:{&quot;unit&quot;:&quot;px&quot;,&quot;size&quot;:13,&quot;sizes&quot;:[]},&quot;duration_unfold&quot;:{&quot;unit&quot;:&quot;px&quot;,&quot;size&quot;:0.5,&quot;sizes&quot;:[]},&quot;animation_unfold&quot;:&quot;Power4&quot;,&quot;easing_unfold&quot;:&quot;easeInOut&quot;,&quot;duration_fold&quot;:{&quot;unit&quot;:&quot;px&quot;,&quot;size&quot;:0.5,&quot;sizes&quot;:[]},&quot;animation_fold&quot;:&quot;Power4&quot;,&quot;easing_fold&quot;:&quot;easeInOut&quot;}\" data-widget_type=\"unfold.default\">\n\t\t\t\t<div class=\"elementor-widget-container\">\n\t\t\t\t\t<div class=\"ee-unfold\">\n\t\t\t<div class=\"ee-unfold__mask\">\n\t\t\t\t<div class=\"ee-unfold__content\">\n\t\t\t\t\t<p>B\u00fckkzs\u00e9rc k\u00f6zs\u00e9g Magyarorsz\u00e1g \u00e9szaki r\u00e9sz\u00e9n, Borsod-Aba\u00faj-Zempl\u00e9n megy\u00e9ben tal\u00e1lhat\u00f3. B\u00fckkzs\u00e9rc t\u00f6rt\u00e9nete a k\u00f6z\u00e9pkorig ny\u00falik vissza, amikor a falu a Magyar Kir\u00e1lys\u00e1g r\u00e9sze volt. Az al\u00e1bbiakban egy r\u00f6vid \u00e1ttekint\u00e9st tal\u00e1l B\u00fckkzs\u00e9rc t\u00f6rt\u00e9net\u00e9r\u0151l:  <\/p>\n<p>13. sz\u00e1zad: A falut az els\u0151 t\u00f6rt\u00e9nelmi dokumentumokban &#8222;Zerc&#8221; n\u00e9ven eml\u00edtik.<\/p>\n<p>16. sz\u00e1zad: B\u00fckkzs\u00e9rc az Oszm\u00e1n Birodalom megsz\u00e1ll\u00e1sa al\u00e1 ker\u00fclt \u00e9s nagyr\u00e9szt elpusztult a t\u00f6r\u00f6k\u00f6k bevonul\u00e1sa miatt.<\/p>\n<p>18. sz\u00e1zad: Az Oszm\u00e1n Birodalom lever\u00e9se ut\u00e1n B\u00fckkzs\u00e9rc \u00fajj\u00e1\u00e9p\u00fcl \u00e9s Habsburgok fennhat\u00f3s\u00e1ga al\u00e1 ker\u00fcl.<\/p>\n<p>20. sz\u00e1zad: A m\u00e1sodik vil\u00e1gh\u00e1bor\u00fa idej\u00e9n B\u00fckkzs\u00e9rcet a n\u00e1ci N\u00e9metorsz\u00e1g megsz\u00e1llta, \u00e9s a legt\u00f6bb zsid\u00f3 lakost koncentr\u00e1ci\u00f3s t\u00e1borokba deport\u00e1lt\u00e1k \u00e9s meggyilkolt\u00e1k. A h\u00e1bor\u00fa ut\u00e1n B\u00fckkzs\u00e9rc is a kommunista magyar \u00e1llam r\u00e9sz\u00e9v\u00e9 v\u00e1lik, a falut a mez\u0151gazdas\u00e1gi reformok \u00e9s az iparos\u00edt\u00e1s m\u00e9lyen \u00e9rintette. <\/p>\n<p>21. sz\u00e1zad: A kommunizmus 1989-es buk\u00e1sa ut\u00e1n B\u00fckkzs\u00e9rc \u00e1tt\u00e9r a piacgazdas\u00e1gra. A mai napig agr\u00e1rgazdas\u00e1ggal rendelkez\u0151 k\u00f6zs\u00e9g a term\u00e9szeti sz\u00e9ps\u00e9ge \u00e9s a B\u00fckk-hegys\u00e9g k\u00f6zels\u00e9ge miatt vonzza a turist\u00e1kat. <\/p>\n\t\t\t\t<\/div>\n\t\t\t\t<div class=\"ee-unfold__separator\"><\/div>\n\t\t\t<\/div>\n\t\t\t<div class=\"ee-unfold__trigger\">\n\t\t\t\t<span class=\"ee-button-wrapper\">\n\t\t\t\t\t<span class=\"ee-button ee-size-sm\">\n\t\t\t\t\t\t<span class=\"ee-button-content-wrapper\"><span class=\"ee-button-text\" data-close-label=\"Kevesebb inform\u00e1ci\u00f3\" data-open-label=\"Tov\u00e1bbi inform\u00e1ci\u00f3k\">Tov\u00e1bbi inform\u00e1ci\u00f3k<\/span>\n\t\t<\/span>\n\t\t\t\t\t\t\t<\/span>\n\t\t\t\t<\/span>\n\t\t\t<\/div>\n\t\t<\/div>\t\t\t\t<\/div>\n\t\t\t\t<\/div>\n\t\t\t\t<\/div>\n\t\t<div class=\"elementor-element elementor-element-52f25623 e-con-full e-flex e-con e-child\" data-id=\"52f25623\" data-element_type=\"container\" data-e-type=\"container\">\n\t\t\t\t<div class=\"elementor-element elementor-element-6220acb1 elementor-widget elementor-widget-image\" data-id=\"6220acb1\" data-element_type=\"widget\" data-e-type=\"widget\" data-widget_type=\"image.default\">\n\t\t\t\t<div class=\"elementor-widget-container\">\n\t\t\t\t\t\t\t\t\t\t\t\t\t\t\t<img decoding=\"async\" width=\"800\" height=\"600\" src=\"https:\/\/themountaincottage.be\/wp-content\/uploads\/2023\/06\/Uitzicht-huis-1024x768.jpg\" class=\"attachment-large size-large wp-image-1053\" alt=\"\" srcset=\"https:\/\/themountaincottage.be\/wp-content\/uploads\/2023\/06\/Uitzicht-huis-1024x768.jpg 1024w, https:\/\/themountaincottage.be\/wp-content\/uploads\/2023\/06\/Uitzicht-huis-300x225.jpg 300w, https:\/\/themountaincottage.be\/wp-content\/uploads\/2023\/06\/Uitzicht-huis-768x576.jpg 768w, https:\/\/themountaincottage.be\/wp-content\/uploads\/2023\/06\/Uitzicht-huis-1536x1152.jpg 1536w, https:\/\/themountaincottage.be\/wp-content\/uploads\/2023\/06\/Uitzicht-huis-600x450.jpg 600w, https:\/\/themountaincottage.be\/wp-content\/uploads\/2023\/06\/Uitzicht-huis.jpg 1600w\" sizes=\"(max-width: 800px) 100vw, 800px\" \/>\t\t\t\t\t\t\t\t\t\t\t\t\t\t\t<\/div>\n\t\t\t\t<\/div>\n\t\t\t\t<\/div>\n\t\t\t\t<\/div>\n\t\t<div class=\"elementor-element elementor-element-51247f51 e-flex e-con-boxed e-con e-parent\" data-id=\"51247f51\" data-element_type=\"container\" data-e-type=\"container\" data-settings=\"{&quot;background_background&quot;:&quot;classic&quot;}\">\n\t\t\t\t\t<div class=\"e-con-inner\">\n\t\t\t\t<div class=\"elementor-element elementor-element-44810b82 elementor-widget elementor-widget-heading\" data-id=\"44810b82\" data-element_type=\"widget\" data-e-type=\"widget\" data-widget_type=\"heading.default\">\n\t\t\t\t<div class=\"elementor-widget-container\">\n\t\t\t\t\t<h5 class=\"elementor-heading-title elementor-size-default\">Szeretne t\u00f6bb inform\u00e1ci\u00f3t a Hegyi Kuck\u00f3 k\u00edn\u00e1lta \u00f6sszes lehet\u0151s\u00e9gekr\u0151l?<\/h5>\t\t\t\t<\/div>\n\t\t\t\t<\/div>\n\t\t\t\t<div class=\"elementor-element elementor-element-3317ba78 elementor-widget elementor-widget-text-editor\" data-id=\"3317ba78\" data-element_type=\"widget\" data-e-type=\"widget\" data-widget_type=\"text-editor.default\">\n\t\t\t\t<div class=\"elementor-widget-container\">\n\t\t\t\t\t\t\t\t\t<p>A Hegyi Kuck\u00f3 sz\u00e1mos kikapcsol\u00f3d\u00e1si lehet\u0151s\u00e9get, kulin\u00e1ris \u00e9lvezeteket \u00e9s kalandokkal teli kir\u00e1ndul\u00e1sokat k\u00edn\u00e1l kedves vend\u00e9geinek.<\/p>\n\t\t\t\t\t\t\t\t<\/div>\n\t\t\t\t<\/div>\n\t\t\t\t<div class=\"elementor-element elementor-element-6906792 elementor-align-center elementor-widget elementor-widget-button\" data-id=\"6906792\" data-element_type=\"widget\" data-e-type=\"widget\" data-widget_type=\"button.default\">\n\t\t\t\t<div class=\"elementor-widget-container\">\n\t\t\t\t\t\t\t\t\t<div class=\"elementor-button-wrapper\">\n\t\t\t\t\t<a class=\"elementor-button elementor-button-link elementor-size-sm\" href=\"https:\/\/themountaincottage.be\/the-cottage\/\">\n\t\t\t\t\t\t<span class=\"elementor-button-content-wrapper\">\n\t\t\t\t\t\t\t\t\t<span class=\"elementor-button-text\">Tov\u00e1bbi inform\u00e1ci\u00f3k<\/span>\n\t\t\t\t\t<\/span>\n\t\t\t\t\t<\/a>\n\t\t\t\t<\/div>\n\t\t\t\t\t\t\t\t<\/div>\n\t\t\t\t<\/div>\n\t\t\t\t\t<\/div>\n\t\t\t\t<\/div>\n\t\t\t\t<\/div>\n\t\t","protected":false},"excerpt":{"rendered":"<p>A K\u00d6RNYEZET Nyaral\u00f3nk a csendes magyar falu, B\u00fckkzs\u00e9rc fels\u0151 hat\u00e1r\u00e1n\u00e1l tal\u00e1lhat\u00f3. A term\u00e9szet sz\u00e9ps\u00e9geivel megaj\u00e1nd\u00e9kozott birtok ide\u00e1lis hely a t\u00f6k\u00e9letes kikapcsol\u00f3d\u00e1sra. Tov\u00e1bbi hasznos inform\u00e1ci\u00f3k A K\u00d6RNYEZET Nyaral\u00f3nk a csendes magyar falu, B\u00fckkzs\u00e9rc fels\u0151 hat\u00e1r\u00e1n\u00e1l tal\u00e1lhat\u00f3. A term\u00e9szet sz\u00e9ps\u00e9geivel megaj\u00e1nd\u00e9kozott birtok ide\u00e1lis hely a t\u00f6k\u00e9letes kikapcsol\u00f3d\u00e1sra. Magyarorsz\u00e1g Magyarorsz\u00e1g t\u00f6rt\u00e9nelme az \u00f3korig ny\u00falik vissza, amikor a magyar [&hellip;]<\/p>\n","protected":false},"author":1,"featured_media":0,"parent":0,"menu_order":0,"comment_status":"closed","ping_status":"closed","template":"elementor_header_footer","meta":{"footnotes":""},"class_list":["post-6195","page","type-page","status-publish","hentry"],"_links":{"self":[{"href":"https:\/\/themountaincottage.be\/hu\/wp-json\/wp\/v2\/pages\/6195","targetHints":{"allow":["GET"]}}],"collection":[{"href":"https:\/\/themountaincottage.be\/hu\/wp-json\/wp\/v2\/pages"}],"about":[{"href":"https:\/\/themountaincottage.be\/hu\/wp-json\/wp\/v2\/types\/page"}],"author":[{"embeddable":true,"href":"https:\/\/themountaincottage.be\/hu\/wp-json\/wp\/v2\/users\/1"}],"replies":[{"embeddable":true,"href":"https:\/\/themountaincottage.be\/hu\/wp-json\/wp\/v2\/comments?post=6195"}],"version-history":[{"count":3,"href":"https:\/\/themountaincottage.be\/hu\/wp-json\/wp\/v2\/pages\/6195\/revisions"}],"predecessor-version":[{"id":6278,"href":"https:\/\/themountaincottage.be\/hu\/wp-json\/wp\/v2\/pages\/6195\/revisions\/6278"}],"wp:attachment":[{"href":"https:\/\/themountaincottage.be\/hu\/wp-json\/wp\/v2\/media?parent=6195"}],"curies":[{"name":"wp","href":"https:\/\/api.w.org\/{rel}","templated":true}]}}