{"id":6201,"date":"2023-06-19T14:32:53","date_gmt":"2023-06-19T12:32:53","guid":{"rendered":"https:\/\/themountaincottage.be\/product\/teljes-haz-hetente\/"},"modified":"2023-06-19T14:32:53","modified_gmt":"2023-06-19T12:32:53","slug":"hegyi-kucko","status":"publish","type":"product","link":"https:\/\/themountaincottage.be\/hu\/termek\/hegyi-kucko\/","title":{"rendered":"Teljes h\u00e1z &#8211; hetente"},"content":{"rendered":"<p>H\u00e1zunk egy 10 000 n\u00e9gyzetm\u00e9teres ter\u00fcleten \u00e1ll.<\/p>\n<p>Ez az elker\u00edtett csaladi birtok, ahol kecsk\u00e9k, juhok, nyuszik \u00e9s m\u00e1s \u00e1llatok is \u00e9lnek, ide\u00e1lis hely a term\u00e9szetet kedvel\u0151k \u00e9s \u00e1llatbar\u00e1tok sz\u00e1m\u00e1ra. H\u00e1zunk B\u00fckkzs\u00e9rc fels\u0151 hat\u00e1r\u00e1nak utols\u00f3 h\u00e1za miel\u0151tt \u00d6n bel\u00e9pne a B\u00fckk hegys\u00e9g term\u00e9szetv\u00e9delmi ter\u00fclet\u00e9re.<\/p>\n<p>A h\u00e1z minden k\u00e9nyelemmel felszerelt \u00e9s tov\u00e1bbra is folyamatos munk\u00e1latokat v\u00e9gz\u00fcnk annak \u00e9rdek\u00e9ben, hogy vend\u00e9geink sz\u00e1m\u00e1ra felejthetetlen itt tart\u00f3zkod\u00e1st biztos\u00edtsunk. A paradicsomi k\u00f6rnyezet t\u00f6k\u00e9letes hely azok sz\u00e1m\u00e1ra akik sz\u00e9p gyalog- \u00e9s ker\u00e9kp\u00e1rt\u00far\u00e1val k\u00edv\u00e1nj\u00e1k kombin\u00e1lni pihen\u00e9s\u00fcket.<\/p>\n<p>Az elm\u00falt \u00e9vek alatt a h\u00e1z minden k\u00e9nyelemmel fel lett szerelve, mint p\u00e9ld\u00e1ul WiFi, padl\u00f3f\u0171t\u00e9s, teljesen \u00faj konyha \u00e9s k\u00fcl\u00f6n mos\u00f3konyha. A h\u00e1z magyaros saj\u00e1toss\u00e1g\u00e1t \u00e9s hagyom\u00e1ny\u00e1t megtartottuk, amelyet harmoni\u00e1ban szeretn\u00e9nk meg\u0151rizni a term\u00e9szeti k\u00f6rnyezettel is.<\/p>\n<p>Magyarorsz\u00e1g kiv\u00e1l\u00f3 bor\u00e1nak, az Egri Bikav\u00e9r-nek k\u00f6zismert borvid\u00e9k\u00e9n tal\u00e1ljuk magunkat amikor a vend\u00e9gh\u00e1zba j\u00f6v\u00fcnk, mely borral orsz\u00e1gunk kiv\u00edvta m\u00e9lt\u00f3 hely\u00e9t a nemzetk\u00f6zi bort\u00e9rk\u00e9pen. Sz\u00e1mos helyi gazd\u00e1val \u00e9s borpinc\u00e9szettel.<\/p>\n<p>\u00c9rkez\u00e9skor a kedves vend\u00e9geket csal\u00e1dunk tagjai fogadj\u00e1k szeretettel, akik b\u00e1rmikor szivesen \u00e1llnak az \u00d6n\u00f6k rendelkez\u00e9s\u00e9re k\u00fcl\u00f6nleges k\u00edv\u00e1ns\u00e1gok eset\u00e9n is.<\/p>\n<p>J\u00f3 pihen\u00e9st, kellemes id\u0151t\u00f6lt\u00e9st k\u00edv\u00e1nunk!<\/p>\n","protected":false},"excerpt":{"rendered":"<p>H\u00e1zunk egy 10 000 n\u00e9gyzetm\u00e9teres ter\u00fcleten \u00e1ll. Ez az elker\u00edtett csaladi birtok, ahol kecsk\u00e9k, juhok, nyuszik \u00e9s m\u00e1s \u00e1llatok is \u00e9lnek, ide\u00e1lis hely a term\u00e9szetet kedvel\u0151k \u00e9s \u00e1llatbar\u00e1tok sz\u00e1m\u00e1ra. H\u00e1zunk B\u00fckkzs\u00e9rc fels\u0151 hat\u00e1r\u00e1nak utols\u00f3 h\u00e1za miel\u0151tt \u00d6n bel\u00e9pne a B\u00fckk hegys\u00e9g term\u00e9szetv\u00e9delmi ter\u00fclet\u00e9re. A h\u00e1z minden k\u00e9nyelemmel felszerelt \u00e9s tov\u00e1bbra is folyamatos munk\u00e1latokat v\u00e9gz\u00fcnk annak [&hellip;]<\/p>\n","protected":false},"featured_media":2676,"template":"","meta":[],"product_brand":[],"product_cat":[133],"product_tag":[],"class_list":{"0":"post-6201","1":"product","2":"type-product","3":"status-publish","4":"has-post-thumbnail","6":"product_cat-teljes-haz","8":"first","9":"instock","10":"virtual","11":"sold-individually","12":"taxable","13":"purchasable","14":"product-type-booking"},"_links":{"self":[{"href":"https:\/\/themountaincottage.be\/hu\/wp-json\/wp\/v2\/product\/6201","targetHints":{"allow":["GET"]}}],"collection":[{"href":"https:\/\/themountaincottage.be\/hu\/wp-json\/wp\/v2\/product"}],"about":[{"href":"https:\/\/themountaincottage.be\/hu\/wp-json\/wp\/v2\/types\/product"}],"wp:featuredmedia":[{"embeddable":true,"href":"https:\/\/themountaincottage.be\/hu\/wp-json\/wp\/v2\/media\/2676"}],"wp:attachment":[{"href":"https:\/\/themountaincottage.be\/hu\/wp-json\/wp\/v2\/media?parent=6201"}],"wp:term":[{"taxonomy":"product_brand","embeddable":true,"href":"https:\/\/themountaincottage.be\/hu\/wp-json\/wp\/v2\/product_brand?post=6201"},{"taxonomy":"product_cat","embeddable":true,"href":"https:\/\/themountaincottage.be\/hu\/wp-json\/wp\/v2\/product_cat?post=6201"},{"taxonomy":"product_tag","embeddable":true,"href":"https:\/\/themountaincottage.be\/hu\/wp-json\/wp\/v2\/product_tag?post=6201"}],"curies":[{"name":"wp","href":"https:\/\/api.w.org\/{rel}","templated":true}]}}